{"id":669,"date":"2020-02-28T10:34:35","date_gmt":"2020-02-28T09:34:35","guid":{"rendered":"https:\/\/tonkaumea.se\/strandgatan\/?page_id=669"},"modified":"2022-06-08T15:34:32","modified_gmt":"2022-06-08T14:34:32","slug":"landningssida","status":"publish","type":"page","link":"https:\/\/tonkaumea.se\/strandgatan\/","title":{"rendered":"Landningssida"},"content":{"rendered":"\n  <div class=\"banner has-hover is-full-height\" id=\"banner-988884100\">\n          <div class=\"banner-inner fill\">\n        <div class=\"banner-bg fill\" >\n            <img loading=\"lazy\" decoding=\"async\" width=\"1020\" height=\"681\" src=\"https:\/\/tonkaumea.se\/strandgatan\/wp-content\/uploads\/2018\/01\/tonka-umea-pintxos-2-1024x684.jpg\" class=\"bg attachment-large size-large\" alt=\"\" \/>                        <div class=\"overlay\"><\/div>            \n                    <\/div>\n\t\t\n        <div class=\"banner-layers container\">\n            <div class=\"fill banner-link\"><\/div>            \n   <div id=\"text-box-904605468\" class=\"text-box banner-layer x50 md-x50 lg-x50 y50 md-y50 lg-y50 res-text\">\n                                <div class=\"text-box-content text dark\">\n              \n              <div class=\"text-inner text-center\">\n                  \n\t<div id=\"gap-2098813019\" class=\"gap-element clearfix\" style=\"display:block; height:auto;\">\n\t\t\n<style>\n#gap-2098813019 {\n  padding-top: 20px;\n}\n<\/style>\n\t<\/div>\n\t\n<p class=\"uppercase\"><span style=\"font-size: 90%;\">V\u00c4LJ RESTAuRANG<\/span><\/p>\n<p><img loading=\"lazy\" decoding=\"async\" class=\"wp-image-25 size-full aligncenter\" src=\"https:\/\/tonkaumea.se\/wp-content\/uploads\/2020\/02\/TonkaLogo-white.png\" alt=\"\" width=\"500\" height=\"130\"><\/p>\n<a href=\"https:\/\/tonkaumea.se\/bistro\/\" class=\"button alert\"  style=\"border-radius:99px;\">\n\t\t<span>BISTRO CAF\u00c9<\/span>\n\t<\/a>\n\n<a href=\"https:\/\/tonkaumea.se\/strandgatan\/hem\/\" class=\"button primary\"  style=\"border-radius:99px;\">\n\t\t<span>STRANDGATAN<\/span>\n\t<\/a>\n\n              <\/div>\n           <\/div>\n                            \n<style>\n#text-box-904605468 {\n  width: 55%;\n}\n#text-box-904605468 .text-box-content {\n  font-size: 100%;\n}\n<\/style>\n    <\/div>\n \n        <\/div>\n      <\/div>\n\n            \n<style>\n#banner-988884100 {\n  padding-top: 458px;\n}\n#banner-988884100 .overlay {\n  background-color: rgba(0,0,0,.5);\n}\n#banner-988884100 .banner-bg img {\n  object-position: 75% 10%;\n}\n@media (min-width:550px) {\n  #banner-988884100 {\n    padding-top: 100%;\n  }\n}\n<\/style>\n  <\/div>\n\n\n","protected":false},"excerpt":{"rendered":"<p> <a href=\"https:\/\/tonkaumea.se\/strandgatan\/\">&nbsp;&raquo;&nbsp;Read more about: Landningssida &nbsp;&raquo;<\/a><\/p>\n","protected":false},"author":2,"featured_media":0,"parent":0,"menu_order":0,"comment_status":"closed","ping_status":"closed","template":"page-header-on-scroll.php","meta":{"footnotes":""},"class_list":["post-669","page","type-page","status-publish","hentry"],"yoast_head":"<!-- This site is optimized with the Yoast SEO plugin v25.1 - https:\/\/yoast.com\/wordpress\/plugins\/seo\/ -->\n<title>Tonka - Strandgatan<\/title>\n<meta name=\"description\" content=\"Som stans kaxigaste nykomling vill vi dela med oss av v\u00e5r egen k\u00e4rlek till r\u00e5varor &amp; hantverk. Oavsett om ni \u00e4r sugna p\u00e5 en grym fika eller en fantastisk matupplevelse \u00e4r ni v\u00e4lkomna till v\u00e5r moderna restaurang med sk\u00f6n puls, dag som kv\u00e4ll.\" \/>\n<meta name=\"robots\" content=\"index, follow, max-snippet:-1, max-image-preview:large, max-video-preview:-1\" \/>\n<link rel=\"canonical\" href=\"https:\/\/tonkaumea.se\/strandgatan\/\" \/>\n<meta property=\"og:locale\" content=\"sv_SE\" \/>\n<meta property=\"og:type\" content=\"article\" \/>\n<meta property=\"og:title\" content=\"Tonka - Strandgatan\" \/>\n<meta property=\"og:description\" content=\"Som stans kaxigaste nykomling vill vi dela med oss av v\u00e5r egen k\u00e4rlek till r\u00e5varor &amp; hantverk. Oavsett om ni \u00e4r sugna p\u00e5 en grym fika eller en fantastisk matupplevelse \u00e4r ni v\u00e4lkomna till v\u00e5r moderna restaurang med sk\u00f6n puls, dag som kv\u00e4ll.\" \/>\n<meta property=\"og:url\" content=\"https:\/\/tonkaumea.se\/strandgatan\/\" \/>\n<meta property=\"og:site_name\" content=\"Tonka Strandgatan\" \/>\n<meta property=\"article:publisher\" content=\"https:\/\/www.facebook.com\/tonkastrandgatan\/\" \/>\n<meta property=\"article:modified_time\" content=\"2022-06-08T14:34:32+00:00\" \/>\n<meta property=\"og:image\" content=\"https:\/\/tonkaumea.se\/wp-content\/uploads\/2020\/02\/TonkaLogo-white.png\" \/>\n<meta name=\"twitter:card\" content=\"summary_large_image\" \/>\n<script type=\"application\/ld+json\" class=\"yoast-schema-graph\">{\"@context\":\"https:\/\/schema.org\",\"@graph\":[{\"@type\":\"WebPage\",\"@id\":\"https:\/\/tonkaumea.se\/strandgatan\/\",\"url\":\"https:\/\/tonkaumea.se\/strandgatan\/\",\"name\":\"Tonka - Strandgatan\",\"isPartOf\":{\"@id\":\"https:\/\/tonkaumea.se\/strandgatan\/#website\"},\"primaryImageOfPage\":{\"@id\":\"https:\/\/tonkaumea.se\/strandgatan\/#primaryimage\"},\"image\":{\"@id\":\"https:\/\/tonkaumea.se\/strandgatan\/#primaryimage\"},\"thumbnailUrl\":\"https:\/\/tonkaumea.se\/wp-content\/uploads\/2020\/02\/TonkaLogo-white.png\",\"datePublished\":\"2020-02-28T09:34:35+00:00\",\"dateModified\":\"2022-06-08T14:34:32+00:00\",\"description\":\"Som stans kaxigaste nykomling vill vi dela med oss av v\u00e5r egen k\u00e4rlek till r\u00e5varor & hantverk. Oavsett om ni \u00e4r sugna p\u00e5 en grym fika eller en fantastisk matupplevelse \u00e4r ni v\u00e4lkomna till v\u00e5r moderna restaurang med sk\u00f6n puls, dag som kv\u00e4ll.\",\"breadcrumb\":{\"@id\":\"https:\/\/tonkaumea.se\/strandgatan\/#breadcrumb\"},\"inLanguage\":\"sv-SE\",\"potentialAction\":[{\"@type\":\"ReadAction\",\"target\":[\"https:\/\/tonkaumea.se\/strandgatan\/\"]}]},{\"@type\":\"ImageObject\",\"inLanguage\":\"sv-SE\",\"@id\":\"https:\/\/tonkaumea.se\/strandgatan\/#primaryimage\",\"url\":\"https:\/\/tonkaumea.se\/wp-content\/uploads\/2020\/02\/TonkaLogo-white.png\",\"contentUrl\":\"https:\/\/tonkaumea.se\/wp-content\/uploads\/2020\/02\/TonkaLogo-white.png\"},{\"@type\":\"BreadcrumbList\",\"@id\":\"https:\/\/tonkaumea.se\/strandgatan\/#breadcrumb\",\"itemListElement\":[{\"@type\":\"ListItem\",\"position\":1,\"name\":\"Hem\",\"item\":\"https:\/\/tonkaumea.se\/strandgatan\/\"},{\"@type\":\"ListItem\",\"position\":2,\"name\":\"Landningssida\"}]},{\"@type\":\"WebSite\",\"@id\":\"https:\/\/tonkaumea.se\/strandgatan\/#website\",\"url\":\"https:\/\/tonkaumea.se\/strandgatan\/\",\"name\":\"Tonka Strandgatan\",\"description\":\"Restaurang med kvalit\u00e9t\",\"publisher\":{\"@id\":\"https:\/\/tonkaumea.se\/strandgatan\/#organization\"},\"potentialAction\":[{\"@type\":\"SearchAction\",\"target\":{\"@type\":\"EntryPoint\",\"urlTemplate\":\"https:\/\/tonkaumea.se\/strandgatan\/?s={search_term_string}\"},\"query-input\":{\"@type\":\"PropertyValueSpecification\",\"valueRequired\":true,\"valueName\":\"search_term_string\"}}],\"inLanguage\":\"sv-SE\"},{\"@type\":\"Organization\",\"@id\":\"https:\/\/tonkaumea.se\/strandgatan\/#organization\",\"name\":\"Tonka Strandgatan\",\"url\":\"https:\/\/tonkaumea.se\/strandgatan\/\",\"logo\":{\"@type\":\"ImageObject\",\"inLanguage\":\"sv-SE\",\"@id\":\"https:\/\/tonkaumea.se\/strandgatan\/#\/schema\/logo\/image\/\",\"url\":\"https:\/\/tonkaumea.se\/strandgatan\/wp-content\/uploads\/2020\/01\/Tonka-Strandgatan-logo.png\",\"contentUrl\":\"https:\/\/tonkaumea.se\/strandgatan\/wp-content\/uploads\/2020\/01\/Tonka-Strandgatan-logo.png\",\"width\":522,\"height\":173,\"caption\":\"Tonka Strandgatan\"},\"image\":{\"@id\":\"https:\/\/tonkaumea.se\/strandgatan\/#\/schema\/logo\/image\/\"},\"sameAs\":[\"https:\/\/www.facebook.com\/tonkastrandgatan\/\",\"https:\/\/www.instagram.com\/tonkastrandgatan\/\"]}]}<\/script>\n<!-- \/ Yoast SEO plugin. -->","yoast_head_json":{"title":"Tonka - Strandgatan","description":"Som stans kaxigaste nykomling vill vi dela med oss av v\u00e5r egen k\u00e4rlek till r\u00e5varor & hantverk. Oavsett om ni \u00e4r sugna p\u00e5 en grym fika eller en fantastisk matupplevelse \u00e4r ni v\u00e4lkomna till v\u00e5r moderna restaurang med sk\u00f6n puls, dag som kv\u00e4ll.","robots":{"index":"index","follow":"follow","max-snippet":"max-snippet:-1","max-image-preview":"max-image-preview:large","max-video-preview":"max-video-preview:-1"},"canonical":"https:\/\/tonkaumea.se\/strandgatan\/","og_locale":"sv_SE","og_type":"article","og_title":"Tonka - Strandgatan","og_description":"Som stans kaxigaste nykomling vill vi dela med oss av v\u00e5r egen k\u00e4rlek till r\u00e5varor & hantverk. Oavsett om ni \u00e4r sugna p\u00e5 en grym fika eller en fantastisk matupplevelse \u00e4r ni v\u00e4lkomna till v\u00e5r moderna restaurang med sk\u00f6n puls, dag som kv\u00e4ll.","og_url":"https:\/\/tonkaumea.se\/strandgatan\/","og_site_name":"Tonka Strandgatan","article_publisher":"https:\/\/www.facebook.com\/tonkastrandgatan\/","article_modified_time":"2022-06-08T14:34:32+00:00","og_image":[{"url":"https:\/\/tonkaumea.se\/wp-content\/uploads\/2020\/02\/TonkaLogo-white.png","type":"","width":"","height":""}],"twitter_card":"summary_large_image","schema":{"@context":"https:\/\/schema.org","@graph":[{"@type":"WebPage","@id":"https:\/\/tonkaumea.se\/strandgatan\/","url":"https:\/\/tonkaumea.se\/strandgatan\/","name":"Tonka - Strandgatan","isPartOf":{"@id":"https:\/\/tonkaumea.se\/strandgatan\/#website"},"primaryImageOfPage":{"@id":"https:\/\/tonkaumea.se\/strandgatan\/#primaryimage"},"image":{"@id":"https:\/\/tonkaumea.se\/strandgatan\/#primaryimage"},"thumbnailUrl":"https:\/\/tonkaumea.se\/wp-content\/uploads\/2020\/02\/TonkaLogo-white.png","datePublished":"2020-02-28T09:34:35+00:00","dateModified":"2022-06-08T14:34:32+00:00","description":"Som stans kaxigaste nykomling vill vi dela med oss av v\u00e5r egen k\u00e4rlek till r\u00e5varor & hantverk. Oavsett om ni \u00e4r sugna p\u00e5 en grym fika eller en fantastisk matupplevelse \u00e4r ni v\u00e4lkomna till v\u00e5r moderna restaurang med sk\u00f6n puls, dag som kv\u00e4ll.","breadcrumb":{"@id":"https:\/\/tonkaumea.se\/strandgatan\/#breadcrumb"},"inLanguage":"sv-SE","potentialAction":[{"@type":"ReadAction","target":["https:\/\/tonkaumea.se\/strandgatan\/"]}]},{"@type":"ImageObject","inLanguage":"sv-SE","@id":"https:\/\/tonkaumea.se\/strandgatan\/#primaryimage","url":"https:\/\/tonkaumea.se\/wp-content\/uploads\/2020\/02\/TonkaLogo-white.png","contentUrl":"https:\/\/tonkaumea.se\/wp-content\/uploads\/2020\/02\/TonkaLogo-white.png"},{"@type":"BreadcrumbList","@id":"https:\/\/tonkaumea.se\/strandgatan\/#breadcrumb","itemListElement":[{"@type":"ListItem","position":1,"name":"Hem","item":"https:\/\/tonkaumea.se\/strandgatan\/"},{"@type":"ListItem","position":2,"name":"Landningssida"}]},{"@type":"WebSite","@id":"https:\/\/tonkaumea.se\/strandgatan\/#website","url":"https:\/\/tonkaumea.se\/strandgatan\/","name":"Tonka Strandgatan","description":"Restaurang med kvalit\u00e9t","publisher":{"@id":"https:\/\/tonkaumea.se\/strandgatan\/#organization"},"potentialAction":[{"@type":"SearchAction","target":{"@type":"EntryPoint","urlTemplate":"https:\/\/tonkaumea.se\/strandgatan\/?s={search_term_string}"},"query-input":{"@type":"PropertyValueSpecification","valueRequired":true,"valueName":"search_term_string"}}],"inLanguage":"sv-SE"},{"@type":"Organization","@id":"https:\/\/tonkaumea.se\/strandgatan\/#organization","name":"Tonka Strandgatan","url":"https:\/\/tonkaumea.se\/strandgatan\/","logo":{"@type":"ImageObject","inLanguage":"sv-SE","@id":"https:\/\/tonkaumea.se\/strandgatan\/#\/schema\/logo\/image\/","url":"https:\/\/tonkaumea.se\/strandgatan\/wp-content\/uploads\/2020\/01\/Tonka-Strandgatan-logo.png","contentUrl":"https:\/\/tonkaumea.se\/strandgatan\/wp-content\/uploads\/2020\/01\/Tonka-Strandgatan-logo.png","width":522,"height":173,"caption":"Tonka Strandgatan"},"image":{"@id":"https:\/\/tonkaumea.se\/strandgatan\/#\/schema\/logo\/image\/"},"sameAs":["https:\/\/www.facebook.com\/tonkastrandgatan\/","https:\/\/www.instagram.com\/tonkastrandgatan\/"]}]}},"publishpress_future_action":{"enabled":false,"date":"2026-05-11 09:43:26","action":"change-status","newStatus":"draft","terms":[],"taxonomy":""},"publishpress_future_workflow_manual_trigger":{"enabledWorkflows":[]},"_links":{"self":[{"href":"https:\/\/tonkaumea.se\/strandgatan\/wp-json\/wp\/v2\/pages\/669","targetHints":{"allow":["GET"]}}],"collection":[{"href":"https:\/\/tonkaumea.se\/strandgatan\/wp-json\/wp\/v2\/pages"}],"about":[{"href":"https:\/\/tonkaumea.se\/strandgatan\/wp-json\/wp\/v2\/types\/page"}],"author":[{"embeddable":true,"href":"https:\/\/tonkaumea.se\/strandgatan\/wp-json\/wp\/v2\/users\/2"}],"replies":[{"embeddable":true,"href":"https:\/\/tonkaumea.se\/strandgatan\/wp-json\/wp\/v2\/comments?post=669"}],"version-history":[{"count":4,"href":"https:\/\/tonkaumea.se\/strandgatan\/wp-json\/wp\/v2\/pages\/669\/revisions"}],"predecessor-version":[{"id":1200,"href":"https:\/\/tonkaumea.se\/strandgatan\/wp-json\/wp\/v2\/pages\/669\/revisions\/1200"}],"wp:attachment":[{"href":"https:\/\/tonkaumea.se\/strandgatan\/wp-json\/wp\/v2\/media?parent=669"}],"curies":[{"name":"wp","href":"https:\/\/api.w.org\/{rel}","templated":true}]}}