{"id":40,"date":"2017-11-07T02:36:10","date_gmt":"2017-11-07T01:36:10","guid":{"rendered":"http:\/\/tonka.sidekickmedia.se\/?page_id=40"},"modified":"2026-04-08T12:56:18","modified_gmt":"2026-04-08T11:56:18","slug":"brunch","status":"publish","type":"page","link":"https:\/\/tonkaumea.se\/strandgatan\/brunch\/","title":{"rendered":"Brunch"},"content":{"rendered":"<div class=\"row row-collapse row-full-width\"  id=\"row-652475756\">\n\n\t<div id=\"col-1266476357\" class=\"col large-12\"  >\n\t\t\t\t<div class=\"col-inner\"  >\n\t\t\t\n\t\t\t\n\n  <div class=\"banner has-hover\" id=\"banner-1852050746\">\n          <div class=\"banner-inner fill\">\n        <div class=\"banner-bg fill\" >\n            <img loading=\"lazy\" decoding=\"async\" width=\"1020\" height=\"680\" src=\"https:\/\/tonkaumea.se\/strandgatan\/wp-content\/uploads\/2025\/02\/IMG_6187-1024x683.jpg\" class=\"bg attachment-large size-large\" alt=\"\" \/>                        <div class=\"overlay\"><\/div>            \n                    <\/div>\n\t\t\n        <div class=\"banner-layers container\">\n            <div class=\"fill banner-link\"><\/div>            \n   <div id=\"text-box-653022943\" class=\"text-box banner-layer x50 md-x50 lg-x50 y50 md-y50 lg-y50 res-text\">\n                                <div class=\"text-box-content text dark\">\n              \n              <div class=\"text-inner text-center\">\n                  \n\t<div id=\"text-3540297793\" class=\"text\">\n\t\t\n<h3>BRUNCH<\/h3>\n\t\t\n<style>\n#text-3540297793 {\n  font-size: 2rem;\n}\n<\/style>\n\t<\/div>\n\t\n              <\/div>\n           <\/div>\n                            \n<style>\n#text-box-653022943 {\n  width: 60%;\n}\n#text-box-653022943 .text-box-content {\n  font-size: 100%;\n}\n<\/style>\n    <\/div>\n \n        <\/div>\n      <\/div>\n\n            \n<style>\n#banner-1852050746 {\n  padding-top: 500px;\n}\n#banner-1852050746 .overlay {\n  background-color: rgba(52, 70, 71, 0.5);\n}\n<\/style>\n  <\/div>\n\n\n\t\t<\/div>\n\t\t\t\t\t<\/div>\n\n\t\n<\/div>\n\n\t<section class=\"section has-mask mask-angled-right-large\" id=\"section_1045959194\">\n\t\t<div class=\"section-bg fill\" >\n\t\t\t\t\t\t\t\t\t\n\t\t\t\n\t<div class=\"is-border\"\n\t\tstyle=\"border-color:rgb(235, 235, 235);border-width:1px 0px 0px 0px;\">\n\t<\/div>\n\n\t\t<\/div>\n\n\t\t\n\n\t\t<div class=\"section-content relative\">\n\t\t\t\n<div class=\"row row-collapse row-full-width\"  id=\"row-543426121\">\n\n\t<div id=\"col-1990701014\" class=\"col medium-6 large-6\"  >\n\t\t\t\t<div class=\"col-inner\"  >\n\t\t\t\n\t\t\t\n\n  <div class=\"banner has-hover\" id=\"banner-1684076916\">\n          <div class=\"banner-inner fill\">\n        <div class=\"banner-bg fill\" >\n            <img loading=\"lazy\" decoding=\"async\" width=\"683\" height=\"1024\" src=\"https:\/\/tonkaumea.se\/strandgatan\/wp-content\/uploads\/2025\/02\/IMG_6165-683x1024.jpg\" class=\"bg attachment-large size-large\" alt=\"\" \/>                                    \n                    <\/div>\n\t\t\n        <div class=\"banner-layers container\">\n            <div class=\"fill banner-link\"><\/div>            \n        <\/div>\n      <\/div>\n\n            \n<style>\n#banner-1684076916 {\n  padding-top: 800px;\n}\n<\/style>\n  <\/div>\n\n\n\t\t<\/div>\n\t\t\t\t\t<\/div>\n\n\t\n\n\t<div id=\"col-1108388917\" class=\"col medium-6 large-6 small-col-first\"  >\n\t\t\t\t<div class=\"col-inner\"  >\n\t\t\t\n\t\t\t\n\n  <div class=\"banner has-hover\" id=\"banner-1340244960\">\n          <div class=\"banner-inner fill\">\n        <div class=\"banner-bg fill\" >\n                                                \n                    <\/div>\n\t\t\n        <div class=\"banner-layers container\">\n            <div class=\"fill banner-link\"><\/div>            \n   <div id=\"text-box-1587215718\" class=\"text-box banner-layer x50 md-x50 lg-x50 y50 md-y50 lg-y50 res-text\">\n                                <div class=\"text-box-content text \">\n              \n              <div class=\"text-inner text-left\">\n                  \n<div class=\"page\" title=\"Page 1\">\n<div class=\"layoutArea\">\n<div class=\"column\">\n<h2 style=\"text-align: center;\">Brunch p\u00e5 Strandgatan<\/h2>\n<p>\u00a0<\/p>\n<p style=\"text-align: center;\">Det \u00e4r dags b\u00f6rja helgens b\u00e4sta dag p\u00e5 med den b\u00e4sta m\u00e5ltiden, n\u00e4mligen brunchen! Vi b\u00f6rjar givetvis med croissant och s\u00e5nt som \u00e4r gott till, d\u00e4refter v\u00e4ljer du en salt r\u00e4tt och efter det en s\u00f6t r\u00e4tt, f\u00f6r att sen avsluta brunchen p\u00e5 det enda r\u00e4tta s\u00e4ttet, med kaffe och ett magiskt h\u00e4rligt kaffegodisbord. Dessutom kliver v\u00e5ra bartenders upp i ottan (i bartender-tid m\u00e4tt) och serverar fantastiska brunch-cocktails och mocktails hela dagen.<\/p>\n<p style=\"text-align: center;\">L\u00f6rdagar 11.00 till 15.00.<br \/>349:- inkl br\u00f6dservering, varmr\u00e4tt, dessert och kaffe samt kaffegodis<\/p>\n<\/div>\n<\/div>\n<\/div>\n              <\/div>\n           <\/div>\n                            \n<style>\n#text-box-1587215718 {\n  width: 77%;\n}\n#text-box-1587215718 .text-box-content {\n  font-size: 100%;\n}\n<\/style>\n    <\/div>\n \n        <\/div>\n      <\/div>\n\n            \n<style>\n#banner-1340244960 {\n  padding-top: 800px;\n  background-color: rgb(255,255,255);\n}\n<\/style>\n  <\/div>\n\n\n\t\t<\/div>\n\t\t\t\t\t<\/div>\n\n\t\n<\/div>\n\t\t<\/div>\n\n\t\t\n<style>\n#section_1045959194 {\n  padding-top: 0px;\n  padding-bottom: 0px;\n  min-height: 700px;\n  background-color: rgb(255,255,255);\n}\n<\/style>\n\t<\/section>\n\t\n\n\t<section class=\"section has-mask mask-angled-large\" id=\"section_1512168738\">\n\t\t<div class=\"section-bg fill\" >\n\t\t\t\t\t\t\t\t\t\n\t\t\t\n\t<div class=\"is-border\"\n\t\tstyle=\"border-color:rgb(235, 235, 235);border-width:1px 0px 0px 0px;\">\n\t<\/div>\n\n\t\t<\/div>\n\n\t\t\n\n\t\t<div class=\"section-content relative\">\n\t\t\t\n<div class=\"row row-collapse row-full-width\"  id=\"row-1251219850\">\n\n\t<div id=\"col-1372686434\" class=\"col medium-6 large-6 small-col-first\"  >\n\t\t\t\t<div class=\"col-inner\"  >\n\t\t\t\n\t\t\t\n\n  <div class=\"banner has-hover\" id=\"banner-1707889034\">\n          <div class=\"banner-inner fill\">\n        <div class=\"banner-bg fill\" >\n                                                \n                    <\/div>\n\t\t\n        <div class=\"banner-layers container\">\n            <div class=\"fill banner-link\"><\/div>            \n   <div id=\"text-box-1337820883\" class=\"text-box banner-layer x50 md-x50 lg-x50 y50 md-y50 lg-y50 res-text\">\n                                <div class=\"text-box-content text \">\n              \n              <div class=\"text-inner text-left\">\n                  \n<h2 style=\"text-align: center;\">Varmr\u00e4tter<\/h2>\n<p style=\"text-align: center;\"><strong>Toast med br\u00e4serad fl\u00e4sksida<\/strong><br \/>Sm\u00f6rstekt brioche, br\u00e4serad fl\u00e4sksida,<br \/>citronkokta rotsaker, crispsallad,<br \/>dragonemultion, gr\u00e4sl\u00f6k &amp; purjol\u00f6k<\/p>\n<p style=\"text-align: center;\"><strong>Toast med \u00e4gg &amp; pakora<\/strong><br \/>Sm\u00f6rstekt brioche, friterade prim\u00f6rer,<br \/>citronkokta rotsaker, crispsallad,<br \/>dragonemultion, gr\u00e4sl\u00f6k &amp; purjol\u00f6k<\/p>\n<p style=\"text-align: center;\"><strong>Buttermilk friterad kyckling<\/strong><br \/>Belgisk v\u00e5ffla, kimchi, sm\u00f6r, l\u00f6nnsirap.<\/p>\n<p style=\"text-align: center;\"><strong>Sm\u00f6rstekt raggmunk<\/strong><br \/>skagenr\u00f6ra, kallr\u00f6kt lax, brynt sm\u00f6r, citron &amp; dill.<br \/>G\u00e5r att f\u00e5 vegetarisk med skagen p\u00e5 r\u00f6kt tofu.<\/p>\n<p style=\"text-align: center;\"><strong>R\u00e5biff p\u00e5 svensk mj\u00f6lkko<\/strong><br \/>Gojuang, p\u00e4ron, chili, friterat rispapper,<br \/>picklad r\u00e4ttika, koriander &amp; furikake<br \/>G\u00e5r att f\u00e5 vegetarisk med tartar p\u00e5 rostad tomat.<\/p>\n\t<div id=\"text-2085062760\" class=\"text hidden\">\n\t\t\n<div class=\"page\" title=\"Page 1\">\n<div class=\"layoutArea\">\n<div class=\"column\">\n<div class=\"column\">\n<div class=\"page\" title=\"Page 1\">\n<div class=\"layoutArea\">\n<h1 style=\"text-align: center;\">Meny Strandgatan<\/h1>\n<p style=\"text-align: center;\">579:-<\/p>\n<p class=\"column\" style=\"text-align: center;\"><strong>Flammad havskr\u00e4fta,<\/strong> brynt gr\u00e4dde, karl-johan, k\u00f6rvel &amp; svart tryffel\u2014<strong>Vit sparris,<\/strong> dragonemultion, humle, mandel &amp; friterade \u00f6rter\u2014<strong>R\u00e5biff p\u00e5 svenskt innanl\u00e5r,<\/strong> miso, marconamandel, chili, kapris, enoki &amp; dragon\u2014<strong>Norrl\u00e4ndskt lamm,<\/strong> sparris, ramsl\u00f6k, rosmarinsky, friterad l\u00f6k &amp; sm\u00f6rad broccolipur\u00e9\u2014<strong>Hallon &amp; brynt sm\u00f6r,<\/strong> hallonglass, mandelkaka, cr\u00e8me anglaise &amp; cashewkakor<\/p>\n<\/div>\n<\/div>\n<\/div>\n<\/div>\n<\/div>\n<\/div>\n\t\t\t<\/div>\n\t\n              <\/div>\n           <\/div>\n                            \n<style>\n#text-box-1337820883 {\n  width: 88%;\n}\n#text-box-1337820883 .text-box-content {\n  font-size: 100%;\n}\n<\/style>\n    <\/div>\n \n        <\/div>\n      <\/div>\n\n            \n<style>\n#banner-1707889034 {\n  padding-top: 800px;\n  background-color: rgb(255,255,255);\n}\n<\/style>\n  <\/div>\n\n\n\t<div id=\"gap-1509865080\" class=\"gap-element clearfix\" style=\"display:block; height:auto;\">\n\t\t\n<style>\n#gap-1509865080 {\n  padding-top: 60px;\n}\n<\/style>\n\t<\/div>\n\t\n\t\t<\/div>\n\t\t\t\t\t<\/div>\n\n\t\n\n\t<div id=\"col-1967484978\" class=\"col medium-6 large-6\"  >\n\t\t\t\t<div class=\"col-inner\"  >\n\t\t\t\n\t\t\t\n\n  <div class=\"banner has-hover\" id=\"banner-1551769330\">\n          <div class=\"banner-inner fill\">\n        <div class=\"banner-bg fill\" >\n            <img loading=\"lazy\" decoding=\"async\" width=\"682\" height=\"1024\" src=\"https:\/\/tonkaumea.se\/strandgatan\/wp-content\/uploads\/2025\/02\/IMG_6211-682x1024.jpg\" class=\"bg attachment-large size-large\" alt=\"\" \/>                                    \n                    <\/div>\n\t\t\n        <div class=\"banner-layers container\">\n            <div class=\"fill banner-link\"><\/div>            \n        <\/div>\n      <\/div>\n\n            \n<style>\n#banner-1551769330 {\n  padding-top: 1100px;\n}\n<\/style>\n  <\/div>\n\n\n\t\t<\/div>\n\t\t\t\t\t<\/div>\n\n\t\n<\/div>\n\t\t<\/div>\n\n\t\t\n<style>\n#section_1512168738 {\n  padding-top: 0px;\n  padding-bottom: 0px;\n  min-height: 700px;\n  background-color: rgb(255,255,255);\n}\n<\/style>\n\t<\/section>\n\t\n\n\t<section class=\"section has-mask mask-angled-large\" id=\"section_42680300\">\n\t\t<div class=\"section-bg fill\" >\n\t\t\t\t\t\t\t\t\t\n\t\t\t\n\t<div class=\"is-border\"\n\t\tstyle=\"border-color:rgb(235, 235, 235);border-width:1px 0px 0px 0px;\">\n\t<\/div>\n\n\t\t<\/div>\n\n\t\t\n\n\t\t<div class=\"section-content relative\">\n\t\t\t\n<div class=\"row row-collapse row-full-width\"  id=\"row-171065838\">\n\n\t<div id=\"col-1394462099\" class=\"col medium-6 large-6\"  >\n\t\t\t\t<div class=\"col-inner\"  >\n\t\t\t\n\t\t\t\n\n  <div class=\"banner has-hover\" id=\"banner-1526465384\">\n          <div class=\"banner-inner fill\">\n        <div class=\"banner-bg fill\" >\n            <img loading=\"lazy\" decoding=\"async\" width=\"683\" height=\"1024\" src=\"https:\/\/tonkaumea.se\/strandgatan\/wp-content\/uploads\/2024\/10\/IMG_4864-683x1024.jpg\" class=\"bg attachment-large size-large\" alt=\"\" \/>                                    \n                    <\/div>\n\t\t\n        <div class=\"banner-layers container\">\n            <div class=\"fill banner-link\"><\/div>            \n        <\/div>\n      <\/div>\n\n            \n<style>\n#banner-1526465384 {\n  padding-top: 1300px;\n}\n<\/style>\n  <\/div>\n\n\n\t\t<\/div>\n\t\t\t\t\t<\/div>\n\n\t\n\n\t<div id=\"col-182320876\" class=\"col medium-6 large-6 small-col-first\"  >\n\t\t\t\t<div class=\"col-inner\"  >\n\t\t\t\n\t\t\t\n\t<div id=\"gap-607517532\" class=\"gap-element clearfix\" style=\"display:block; height:auto;\">\n\t\t\n<style>\n#gap-607517532 {\n  padding-top: 30px;\n}\n<\/style>\n\t<\/div>\n\t\n\n  <div class=\"banner has-hover\" id=\"banner-1965700145\">\n          <div class=\"banner-inner fill\">\n        <div class=\"banner-bg fill\" >\n                                                \n                    <\/div>\n\t\t\n        <div class=\"banner-layers container\">\n            <div class=\"fill banner-link\"><\/div>            \n   <div id=\"text-box-102883757\" class=\"text-box banner-layer x50 md-x50 lg-x50 y50 md-y50 lg-y50 res-text\">\n                                <div class=\"text-box-content text \">\n              \n              <div class=\"text-inner text-left\">\n                  \n<h2 style=\"text-align: center;\">Desserter<\/h2>\n<p style=\"text-align: center;\"><strong>Bakad m\u00f6rk choklad<\/strong><br \/>Salt kolas\u00e5s, kanderade n\u00f6tter,<br \/>apelsinzest &amp; vispad gr\u00e4dde.<\/p>\n<p style=\"text-align: center;\"><strong>Amerikanska pannkakor<\/strong><br \/>Bakade rabarber, kardemummagr\u00e4dde,<br \/>rostad mandel, kaksmulor &amp; punchglaze.<\/p>\n<p style=\"text-align: center;\"><strong>Cr\u00e8me br\u00fbl\u00e9e<\/strong><br \/>Dagens sorbet samt crumbles.<\/p>\n<p style=\"text-align: center;\"><strong>V\u00e5r egen glass<\/strong><br \/>Dagens smak med vispad gr\u00e4dde,<br \/>choklad &amp; mar\u00e4ng.<\/p>\n\t<div id=\"text-2467000892\" class=\"text hidden\">\n\t\t\n<div class=\"page\" title=\"Page 2\">\n<div class=\"layoutArea\">\n<div class=\"column\">\n<div class=\"page\" title=\"Page 1\">\n<div class=\"layoutArea\">\n<div class=\"column\">\n<h1 style=\"text-align: center;\">Strandgatans Gr\u00f6na<\/h1>\n<p style=\"text-align: center;\">549:-<\/p>\n<p class=\"column\" style=\"text-align: center;\"><strong>Glaserad svartrot,<\/strong> brynt gr\u00e4dde, citron, karl-johan, k\u00f6rvel &amp; svart tryffel\u2014<strong>Vit sparris,<\/strong> dragonemultion, humle, mandel &amp; friterade \u00f6rter\u2014<strong>Rostad blomk\u00e5l,<\/strong> miso, marconamandel, chili, kapris, enoki &amp; dragon\u2014<strong>Rostad s\u00f6tpotatis &amp; pistagelabneh,<\/strong> sparris, ramsl\u00f6k, rosmarinsky,friterad l\u00f6k &amp; sm\u00f6rad broccolipur\u00e9\u2014<strong>Hallon &amp; brynt sm\u00f6r,<\/strong> hallonglass, mandelkaka, cr\u00e8me anglaise &amp; cashewkakor<\/p>\n<\/div>\n<\/div>\n<\/div>\n<\/div>\n<\/div>\n<\/div>\n\t\t\t<\/div>\n\t\n              <\/div>\n           <\/div>\n                            \n<style>\n#text-box-102883757 {\n  width: 82%;\n}\n#text-box-102883757 .text-box-content {\n  font-size: 100%;\n}\n<\/style>\n    <\/div>\n \n        <\/div>\n      <\/div>\n\n            \n<style>\n#banner-1965700145 {\n  padding-top: 1300px;\n  background-color: rgb(253, 253, 253);\n}\n<\/style>\n  <\/div>\n\n\n\t\t<\/div>\n\t\t\t\t\t<\/div>\n\n\t\n<\/div>\n\t\t<\/div>\n\n\t\t\n<style>\n#section_42680300 {\n  padding-top: 0px;\n  padding-bottom: 0px;\n  min-height: 700px;\n  background-color: rgb(255,255,255);\n}\n<\/style>\n\t<\/section>\n\t\n\n\t<section class=\"section has-mask mask-angled-large\" id=\"section_60381428\">\n\t\t<div class=\"section-bg fill\" >\n\t\t\t\t\t\t\t\t\t\n\t\t\t\n\t<div class=\"is-border\"\n\t\tstyle=\"border-color:rgb(235, 235, 235);border-width:1px 0px 0px 0px;\">\n\t<\/div>\n\n\t\t<\/div>\n\n\t\t\n\n\t\t<div class=\"section-content relative\">\n\t\t\t\n<div class=\"row row-collapse row-full-width\"  id=\"row-1171305705\">\n\n\t<div id=\"col-1829505786\" class=\"col medium-6 large-6 small-col-first\"  >\n\t\t\t\t<div class=\"col-inner\"  >\n\t\t\t\n\t\t\t\n\n  <div class=\"banner has-hover\" id=\"banner-622205729\">\n          <div class=\"banner-inner fill\">\n        <div class=\"banner-bg fill\" >\n                                                \n                    <\/div>\n\t\t\n        <div class=\"banner-layers container\">\n            <div class=\"fill banner-link\"><\/div>            \n   <div id=\"text-box-265853806\" class=\"text-box banner-layer x50 md-x50 lg-x50 y50 md-y50 lg-y50 res-text\">\n                                <div class=\"text-box-content text \">\n              \n              <div class=\"text-inner text-left\">\n                  \n<h2 style=\"text-align: center;\">Det lilla extra<\/h2>\n<p style=\"text-align: center;\"><strong>Nocellara oliver 49:-<br \/><\/strong><strong>R\u00f6kta mandlar 49:-<\/strong><br \/><strong>K\u00f6rvelsaltade pommes frites<\/strong> 49:-<br \/>\u00d6rter &amp; aioli.<br \/><strong>Vitl\u00f6ksbr\u00f6d<\/strong> 69:-<br \/>Vitl\u00f6ksgratinerad chiabatta &amp; aioli.<br \/><strong>L\u00f6jromschips<\/strong> 199:-<br \/>L\u00f6jrom, cr\u00e9me fraiche, r\u00f6dl\u00f6k &amp; dill.<\/p>\n\t<div id=\"text-4210535636\" class=\"text hidden\">\n\t\t\n<h1 style=\"text-align: center;\">Desserter<\/h1>\n<p style=\"text-align: center;\"><strong>Hallon &amp; brynt sm\u00f6r,<\/strong> hallonglass, mandelkaka, cr\u00e8me anglaise &amp; cashewkakor. 109<\/p>\n<p style=\"text-align: center;\"><strong>Cr\u00e8me br\u00fbl\u00e9e, <\/strong>F\u00e4rska hallon &amp; atsina. 105<strong>Kaffegodis, <\/strong>En liten l\u00e5da godsaker, najjs att dela p\u00e5. 115<\/p>\n\t\t\t<\/div>\n\t\n              <\/div>\n           <\/div>\n                            \n<style>\n#text-box-265853806 {\n  width: 57%;\n}\n#text-box-265853806 .text-box-content {\n  font-size: 100%;\n}\n<\/style>\n    <\/div>\n \n        <\/div>\n      <\/div>\n\n            \n<style>\n#banner-622205729 {\n  padding-top: 1100px;\n  background-color: rgb(253, 253, 253);\n}\n<\/style>\n  <\/div>\n\n\n\t\t<\/div>\n\t\t\t\t\t<\/div>\n\n\t\n\n\t<div id=\"col-1562979218\" class=\"col medium-6 large-6\"  >\n\t\t\t\t<div class=\"col-inner\"  >\n\t\t\t\n\t\t\t\n\n  <div class=\"banner has-hover\" id=\"banner-1244617750\">\n          <div class=\"banner-inner fill\">\n        <div class=\"banner-bg fill\" >\n            <img loading=\"lazy\" decoding=\"async\" width=\"683\" height=\"1024\" src=\"https:\/\/tonkaumea.se\/strandgatan\/wp-content\/uploads\/2024\/10\/IMG_4846-683x1024.jpg\" class=\"bg attachment-large size-large\" alt=\"\" \/>                                    \n                    <\/div>\n\t\t\n        <div class=\"banner-layers container\">\n            <div class=\"fill banner-link\"><\/div>            \n        <\/div>\n      <\/div>\n\n            \n<style>\n#banner-1244617750 {\n  padding-top: 1100px;\n}\n<\/style>\n  <\/div>\n\n\n\t\t<\/div>\n\t\t\t\t\t<\/div>\n\n\t\n\n<style>\n#row-1171305705 > .col > .col-inner {\n  background-color: rgb(255, 255, 255);\n}\n<\/style>\n<\/div>\n\t\t<\/div>\n\n\t\t\n<style>\n#section_60381428 {\n  padding-top: 0px;\n  padding-bottom: 0px;\n  min-height: 700px;\n  background-color: rgb(255, 255, 255);\n}\n<\/style>\n\t<\/section>\n\t\n","protected":false},"excerpt":{"rendered":"<p> <a href=\"https:\/\/tonkaumea.se\/strandgatan\/brunch\/\">&nbsp;&raquo;&nbsp;Read more about: Brunch &nbsp;&raquo;<\/a><\/p>\n","protected":false},"author":2,"featured_media":0,"parent":0,"menu_order":0,"comment_status":"closed","ping_status":"closed","template":"page-transparent-header-light.php","meta":{"footnotes":""},"class_list":["post-40","page","type-page","status-publish","hentry"],"yoast_head":"<!-- This site is optimized with the Yoast SEO plugin v25.1 - https:\/\/yoast.com\/wordpress\/plugins\/seo\/ -->\n<title>Brunch - Tonka Strandgatan<\/title>\n<meta name=\"robots\" content=\"index, follow, max-snippet:-1, max-image-preview:large, max-video-preview:-1\" \/>\n<link rel=\"canonical\" href=\"https:\/\/tonkaumea.se\/strandgatan\/brunch\/\" \/>\n<meta property=\"og:locale\" content=\"sv_SE\" \/>\n<meta property=\"og:type\" content=\"article\" \/>\n<meta property=\"og:title\" content=\"Brunch - Tonka Strandgatan\" \/>\n<meta property=\"og:description\" content=\"&nbsp;&raquo;&nbsp;Read more about: Brunch &nbsp;&raquo;\" \/>\n<meta property=\"og:url\" content=\"https:\/\/tonkaumea.se\/strandgatan\/brunch\/\" \/>\n<meta property=\"og:site_name\" content=\"Tonka Strandgatan\" \/>\n<meta property=\"article:publisher\" content=\"https:\/\/www.facebook.com\/tonkastrandgatan\/\" \/>\n<meta property=\"article:modified_time\" content=\"2026-04-08T11:56:18+00:00\" \/>\n<meta name=\"twitter:card\" content=\"summary_large_image\" \/>\n<meta name=\"twitter:label1\" content=\"Ber\u00e4knad l\u00e4stid\" \/>\n\t<meta name=\"twitter:data1\" content=\"3 minuter\" \/>\n<script type=\"application\/ld+json\" class=\"yoast-schema-graph\">{\"@context\":\"https:\/\/schema.org\",\"@graph\":[{\"@type\":\"WebPage\",\"@id\":\"https:\/\/tonkaumea.se\/strandgatan\/brunch\/\",\"url\":\"https:\/\/tonkaumea.se\/strandgatan\/brunch\/\",\"name\":\"Brunch - Tonka Strandgatan\",\"isPartOf\":{\"@id\":\"https:\/\/tonkaumea.se\/strandgatan\/#website\"},\"datePublished\":\"2017-11-07T01:36:10+00:00\",\"dateModified\":\"2026-04-08T11:56:18+00:00\",\"breadcrumb\":{\"@id\":\"https:\/\/tonkaumea.se\/strandgatan\/brunch\/#breadcrumb\"},\"inLanguage\":\"sv-SE\",\"potentialAction\":[{\"@type\":\"ReadAction\",\"target\":[\"https:\/\/tonkaumea.se\/strandgatan\/brunch\/\"]}]},{\"@type\":\"BreadcrumbList\",\"@id\":\"https:\/\/tonkaumea.se\/strandgatan\/brunch\/#breadcrumb\",\"itemListElement\":[{\"@type\":\"ListItem\",\"position\":1,\"name\":\"Hem\",\"item\":\"https:\/\/tonkaumea.se\/strandgatan\/\"},{\"@type\":\"ListItem\",\"position\":2,\"name\":\"Brunch\"}]},{\"@type\":\"WebSite\",\"@id\":\"https:\/\/tonkaumea.se\/strandgatan\/#website\",\"url\":\"https:\/\/tonkaumea.se\/strandgatan\/\",\"name\":\"Tonka Strandgatan\",\"description\":\"Restaurang med kvalit\u00e9t\",\"publisher\":{\"@id\":\"https:\/\/tonkaumea.se\/strandgatan\/#organization\"},\"potentialAction\":[{\"@type\":\"SearchAction\",\"target\":{\"@type\":\"EntryPoint\",\"urlTemplate\":\"https:\/\/tonkaumea.se\/strandgatan\/?s={search_term_string}\"},\"query-input\":{\"@type\":\"PropertyValueSpecification\",\"valueRequired\":true,\"valueName\":\"search_term_string\"}}],\"inLanguage\":\"sv-SE\"},{\"@type\":\"Organization\",\"@id\":\"https:\/\/tonkaumea.se\/strandgatan\/#organization\",\"name\":\"Tonka Strandgatan\",\"url\":\"https:\/\/tonkaumea.se\/strandgatan\/\",\"logo\":{\"@type\":\"ImageObject\",\"inLanguage\":\"sv-SE\",\"@id\":\"https:\/\/tonkaumea.se\/strandgatan\/#\/schema\/logo\/image\/\",\"url\":\"https:\/\/tonkaumea.se\/strandgatan\/wp-content\/uploads\/2020\/01\/Tonka-Strandgatan-logo.png\",\"contentUrl\":\"https:\/\/tonkaumea.se\/strandgatan\/wp-content\/uploads\/2020\/01\/Tonka-Strandgatan-logo.png\",\"width\":522,\"height\":173,\"caption\":\"Tonka Strandgatan\"},\"image\":{\"@id\":\"https:\/\/tonkaumea.se\/strandgatan\/#\/schema\/logo\/image\/\"},\"sameAs\":[\"https:\/\/www.facebook.com\/tonkastrandgatan\/\",\"https:\/\/www.instagram.com\/tonkastrandgatan\/\"]}]}<\/script>\n<!-- \/ Yoast SEO plugin. -->","yoast_head_json":{"title":"Brunch - Tonka Strandgatan","robots":{"index":"index","follow":"follow","max-snippet":"max-snippet:-1","max-image-preview":"max-image-preview:large","max-video-preview":"max-video-preview:-1"},"canonical":"https:\/\/tonkaumea.se\/strandgatan\/brunch\/","og_locale":"sv_SE","og_type":"article","og_title":"Brunch - Tonka Strandgatan","og_description":"&nbsp;&raquo;&nbsp;Read more about: Brunch &nbsp;&raquo;","og_url":"https:\/\/tonkaumea.se\/strandgatan\/brunch\/","og_site_name":"Tonka Strandgatan","article_publisher":"https:\/\/www.facebook.com\/tonkastrandgatan\/","article_modified_time":"2026-04-08T11:56:18+00:00","twitter_card":"summary_large_image","twitter_misc":{"Ber\u00e4knad l\u00e4stid":"3 minuter"},"schema":{"@context":"https:\/\/schema.org","@graph":[{"@type":"WebPage","@id":"https:\/\/tonkaumea.se\/strandgatan\/brunch\/","url":"https:\/\/tonkaumea.se\/strandgatan\/brunch\/","name":"Brunch - Tonka Strandgatan","isPartOf":{"@id":"https:\/\/tonkaumea.se\/strandgatan\/#website"},"datePublished":"2017-11-07T01:36:10+00:00","dateModified":"2026-04-08T11:56:18+00:00","breadcrumb":{"@id":"https:\/\/tonkaumea.se\/strandgatan\/brunch\/#breadcrumb"},"inLanguage":"sv-SE","potentialAction":[{"@type":"ReadAction","target":["https:\/\/tonkaumea.se\/strandgatan\/brunch\/"]}]},{"@type":"BreadcrumbList","@id":"https:\/\/tonkaumea.se\/strandgatan\/brunch\/#breadcrumb","itemListElement":[{"@type":"ListItem","position":1,"name":"Hem","item":"https:\/\/tonkaumea.se\/strandgatan\/"},{"@type":"ListItem","position":2,"name":"Brunch"}]},{"@type":"WebSite","@id":"https:\/\/tonkaumea.se\/strandgatan\/#website","url":"https:\/\/tonkaumea.se\/strandgatan\/","name":"Tonka Strandgatan","description":"Restaurang med kvalit\u00e9t","publisher":{"@id":"https:\/\/tonkaumea.se\/strandgatan\/#organization"},"potentialAction":[{"@type":"SearchAction","target":{"@type":"EntryPoint","urlTemplate":"https:\/\/tonkaumea.se\/strandgatan\/?s={search_term_string}"},"query-input":{"@type":"PropertyValueSpecification","valueRequired":true,"valueName":"search_term_string"}}],"inLanguage":"sv-SE"},{"@type":"Organization","@id":"https:\/\/tonkaumea.se\/strandgatan\/#organization","name":"Tonka Strandgatan","url":"https:\/\/tonkaumea.se\/strandgatan\/","logo":{"@type":"ImageObject","inLanguage":"sv-SE","@id":"https:\/\/tonkaumea.se\/strandgatan\/#\/schema\/logo\/image\/","url":"https:\/\/tonkaumea.se\/strandgatan\/wp-content\/uploads\/2020\/01\/Tonka-Strandgatan-logo.png","contentUrl":"https:\/\/tonkaumea.se\/strandgatan\/wp-content\/uploads\/2020\/01\/Tonka-Strandgatan-logo.png","width":522,"height":173,"caption":"Tonka Strandgatan"},"image":{"@id":"https:\/\/tonkaumea.se\/strandgatan\/#\/schema\/logo\/image\/"},"sameAs":["https:\/\/www.facebook.com\/tonkastrandgatan\/","https:\/\/www.instagram.com\/tonkastrandgatan\/"]}]}},"publishpress_future_action":{"enabled":false,"date":"2026-05-23 11:40:47","action":"change-status","newStatus":"draft","terms":[],"taxonomy":""},"publishpress_future_workflow_manual_trigger":{"enabledWorkflows":[]},"_links":{"self":[{"href":"https:\/\/tonkaumea.se\/strandgatan\/wp-json\/wp\/v2\/pages\/40","targetHints":{"allow":["GET"]}}],"collection":[{"href":"https:\/\/tonkaumea.se\/strandgatan\/wp-json\/wp\/v2\/pages"}],"about":[{"href":"https:\/\/tonkaumea.se\/strandgatan\/wp-json\/wp\/v2\/types\/page"}],"author":[{"embeddable":true,"href":"https:\/\/tonkaumea.se\/strandgatan\/wp-json\/wp\/v2\/users\/2"}],"replies":[{"embeddable":true,"href":"https:\/\/tonkaumea.se\/strandgatan\/wp-json\/wp\/v2\/comments?post=40"}],"version-history":[{"count":393,"href":"https:\/\/tonkaumea.se\/strandgatan\/wp-json\/wp\/v2\/pages\/40\/revisions"}],"predecessor-version":[{"id":2081,"href":"https:\/\/tonkaumea.se\/strandgatan\/wp-json\/wp\/v2\/pages\/40\/revisions\/2081"}],"wp:attachment":[{"href":"https:\/\/tonkaumea.se\/strandgatan\/wp-json\/wp\/v2\/media?parent=40"}],"curies":[{"name":"wp","href":"https:\/\/api.w.org\/{rel}","templated":true}]}}