{"id":1565,"date":"2024-01-05T22:16:53","date_gmt":"2024-01-05T21:16:53","guid":{"rendered":"https:\/\/tonkaumea.se\/strandgatan\/?page_id=1565"},"modified":"2024-08-12T16:23:06","modified_gmt":"2024-08-12T15:23:06","slug":"treratters","status":"publish","type":"page","link":"https:\/\/tonkaumea.se\/strandgatan\/treratters\/","title":{"rendered":"Trer\u00e4tters"},"content":{"rendered":"<div class=\"row row-collapse row-full-width\"  id=\"row-1326204879\">\n\n\t<div id=\"col-1131242843\" class=\"col large-12\"  >\n\t\t\t\t<div class=\"col-inner\"  >\n\t\t\t\n\t\t\t\n\n  <div class=\"banner has-hover has-parallax\" id=\"banner-386620114\">\n          <div class=\"banner-inner fill\">\n        <div class=\"banner-bg fill\" data-parallax=\"-4\" data-parallax-container=\".banner\" data-parallax-background>\n            <img loading=\"lazy\" decoding=\"async\" width=\"1020\" height=\"680\" src=\"https:\/\/tonkaumea.se\/strandgatan\/wp-content\/uploads\/2022\/06\/IMG_9923_BW-1024x683.jpg\" class=\"bg attachment-large size-large\" alt=\"\" \/>                        <div class=\"overlay\"><\/div>            \n                    <\/div>\n\t\t\n        <div class=\"banner-layers container\">\n            <div class=\"fill banner-link\"><\/div>            \n   <div id=\"text-box-293241417\" class=\"text-box banner-layer x50 md-x50 lg-x50 y50 md-y50 lg-y50 res-text\">\n                                <div class=\"text-box-content text dark\">\n              \n              <div class=\"text-inner text-center\">\n                  \n<h1>Meny Strandgatan<\/h1>\n              <\/div>\n           <\/div>\n                            \n<style>\n#text-box-293241417 {\n  width: 60%;\n}\n#text-box-293241417 .text-box-content {\n  font-size: 100%;\n}\n<\/style>\n    <\/div>\n \n        <\/div>\n      <\/div>\n\n            \n<style>\n#banner-386620114 {\n  padding-top: 500px;\n}\n#banner-386620114 .overlay {\n  background-color: rgba(135, 48, 48, 0.302);\n}\n<\/style>\n  <\/div>\n\n\n\t\t<\/div>\n\t\t\t\t\t<\/div>\n\n\t\n<\/div>\n\n\t<section class=\"section has-mask mask-angled-right-large\" id=\"section_162819634\">\n\t\t<div class=\"section-bg fill\" >\n\t\t\t\t\t\t\t\t\t\n\t\t\t\n\t<div class=\"is-border\"\n\t\tstyle=\"border-color:rgb(235, 235, 235);border-width:1px 0px 0px 0px;\">\n\t<\/div>\n\n\t\t<\/div>\n\n\t\t\n\n\t\t<div class=\"section-content relative\">\n\t\t\t\n<div class=\"row row-collapse row-full-width\"  id=\"row-5735865\">\n\n\t<div id=\"col-1525014836\" class=\"col medium-6 large-6\"  >\n\t\t\t\t<div class=\"col-inner\"  >\n\t\t\t\n\t\t\t\n\n  <div class=\"banner has-hover\" id=\"banner-643480681\">\n          <div class=\"banner-inner fill\">\n        <div class=\"banner-bg fill\" >\n            <img loading=\"lazy\" decoding=\"async\" width=\"683\" height=\"1024\" src=\"https:\/\/tonkaumea.se\/strandgatan\/wp-content\/uploads\/2022\/01\/Tonka_Dec_2021_00050-683x1024.jpeg\" class=\"bg attachment-large size-large\" alt=\"\" \/>                        <div class=\"overlay\"><\/div>            \n                    <\/div>\n\t\t\n        <div class=\"banner-layers container\">\n            <div class=\"fill banner-link\"><\/div>            \n        <\/div>\n      <\/div>\n\n            \n<style>\n#banner-643480681 {\n  padding-top: 800px;\n}\n#banner-643480681 .overlay {\n  background-color: rgba(135, 48, 48, 0.279);\n}\n<\/style>\n  <\/div>\n\n\n\t\t<\/div>\n\t\t\t\t\t<\/div>\n\n\t\n\n\t<div id=\"col-927093793\" class=\"col medium-6 large-6 small-col-first\"  >\n\t\t\t\t<div class=\"col-inner\"  >\n\t\t\t\n\t\t\t\n\n  <div class=\"banner has-hover\" id=\"banner-29872874\">\n          <div class=\"banner-inner fill\">\n        <div class=\"banner-bg fill\" >\n                                                \n                    <\/div>\n\t\t\n        <div class=\"banner-layers container\">\n            <div class=\"fill banner-link\"><\/div>            \n   <div id=\"text-box-2137594905\" class=\"text-box banner-layer x50 md-x50 lg-x50 y50 md-y50 lg-y50 res-text\">\n                                <div class=\"text-box-content text \">\n              \n              <div class=\"text-inner text-left\">\n                  \n<p>\u00a0<\/p>\n<p style=\"text-align: center;\"><b>Meny Strandgatan &#8211; <\/b><em>750<\/em><b><br \/><\/b><b>Sm\u00f6rstekt pilgrimsmussla,<\/b> syltad gr\u00f6n tomat, avokado, lime &amp; jalapeno<br \/>\u2014<br \/><b>Bakad hummer,<\/b> brynt gr\u00e4dde, tryffel &amp; sm\u00f6rstekta kantareller<br \/>\u2014<br \/><b>Steak tartar p\u00e5 svenskt innanl\u00e5r,<\/b> med l\u00f6jrom fr\u00e5n kalix &amp; gr\u00e4sl\u00f6k<br \/>\u2014<br \/><b>Ankbr\u00f6st fr\u00e5n munka-ljungby,<\/b> r\u00f6kt gr\u00e4dde, svenska anicia linser,<br \/>anksky, svarta vinb\u00e4r &amp; svedjan g\u00e5rdsost<br \/>\u2014<br \/><b>Bl\u00e5m\u00f6gelost fr\u00e5n Str\u00f6mmens mejeri,<\/b> \u201dMille-feuille\u201d, bj\u00f6rnb\u00e4r, valn\u00f6tter &amp; timjan\u2014<br \/><b>Choklad &amp; jordgubb,<\/b> chokladterrin, crumbles, rostad jordgubb,<br \/>lime, mar\u00e4ng samt jordgubb- &amp; vit chokladglass<\/p>\n<p style=\"text-align: center;\">Dryckespaket &#8211; 550<br \/>Det lite exklusivare dryckespaketet &#8211; 1200<br \/>Alkoholfritt dryckespaket &#8211; 400<\/p>\n<h3 style=\"text-align: center;\">\u00a0<\/h3>\n              <\/div>\n           <\/div>\n                            \n<style>\n#text-box-2137594905 {\n  width: 57%;\n}\n#text-box-2137594905 .text-box-content {\n  font-size: 100%;\n}\n<\/style>\n    <\/div>\n \n        <\/div>\n      <\/div>\n\n            \n<style>\n#banner-29872874 {\n  padding-top: 800px;\n  background-color: rgb(255,255,255);\n}\n<\/style>\n  <\/div>\n\n\n\t\t<\/div>\n\t\t\t\t\t<\/div>\n\n\t\n<\/div>\n\t\t<\/div>\n\n\t\t\n<style>\n#section_162819634 {\n  padding-top: 0px;\n  padding-bottom: 0px;\n  min-height: 700px;\n  background-color: rgb(255,255,255);\n}\n<\/style>\n\t<\/section>\n\t\n","protected":false},"excerpt":{"rendered":"<p> <a href=\"https:\/\/tonkaumea.se\/strandgatan\/treratters\/\">&nbsp;&raquo;&nbsp;Read more about: Trer\u00e4tters &nbsp;&raquo;<\/a><\/p>\n","protected":false},"author":3,"featured_media":0,"parent":0,"menu_order":0,"comment_status":"closed","ping_status":"closed","template":"page-transparent-header-light.php","meta":{"footnotes":""},"class_list":["post-1565","page","type-page","status-publish","hentry"],"yoast_head":"<!-- This site is optimized with the Yoast SEO plugin v25.1 - https:\/\/yoast.com\/wordpress\/plugins\/seo\/ -->\n<title>Trer\u00e4tters - Tonka Strandgatan<\/title>\n<meta name=\"description\" content=\"Vi l\u00e5ter fantasin fl\u00f6da och komponerar ihop en spektakul\u00e4r kulinarisk kv\u00e4ll f\u00f6r er. L\u00e5t dig \u00f6verraskas av b\u00e5de klassiska och nya smaker i ett ny\u00e5rs\u00f6verfl\u00f6d.\" \/>\n<meta name=\"robots\" content=\"index, follow, max-snippet:-1, max-image-preview:large, max-video-preview:-1\" \/>\n<link rel=\"canonical\" href=\"https:\/\/tonkaumea.se\/strandgatan\/treratters\/\" \/>\n<meta property=\"og:locale\" content=\"sv_SE\" \/>\n<meta property=\"og:type\" content=\"article\" \/>\n<meta property=\"og:title\" content=\"Trer\u00e4tters - Tonka Strandgatan\" \/>\n<meta property=\"og:description\" content=\"Vi l\u00e5ter fantasin fl\u00f6da och komponerar ihop en spektakul\u00e4r kulinarisk kv\u00e4ll f\u00f6r er. L\u00e5t dig \u00f6verraskas av b\u00e5de klassiska och nya smaker i ett ny\u00e5rs\u00f6verfl\u00f6d.\" \/>\n<meta property=\"og:url\" content=\"https:\/\/tonkaumea.se\/strandgatan\/treratters\/\" \/>\n<meta property=\"og:site_name\" content=\"Tonka Strandgatan\" \/>\n<meta property=\"article:publisher\" content=\"https:\/\/www.facebook.com\/tonkastrandgatan\/\" \/>\n<meta property=\"article:modified_time\" content=\"2024-08-12T15:23:06+00:00\" \/>\n<meta name=\"twitter:card\" content=\"summary_large_image\" \/>\n<meta name=\"twitter:label1\" content=\"Ber\u00e4knad l\u00e4stid\" \/>\n\t<meta name=\"twitter:data1\" content=\"1 minut\" \/>\n<script type=\"application\/ld+json\" class=\"yoast-schema-graph\">{\"@context\":\"https:\/\/schema.org\",\"@graph\":[{\"@type\":\"WebPage\",\"@id\":\"https:\/\/tonkaumea.se\/strandgatan\/treratters\/\",\"url\":\"https:\/\/tonkaumea.se\/strandgatan\/treratters\/\",\"name\":\"Trer\u00e4tters - Tonka Strandgatan\",\"isPartOf\":{\"@id\":\"https:\/\/tonkaumea.se\/strandgatan\/#website\"},\"datePublished\":\"2024-01-05T21:16:53+00:00\",\"dateModified\":\"2024-08-12T15:23:06+00:00\",\"description\":\"Vi l\u00e5ter fantasin fl\u00f6da och komponerar ihop en spektakul\u00e4r kulinarisk kv\u00e4ll f\u00f6r er. L\u00e5t dig \u00f6verraskas av b\u00e5de klassiska och nya smaker i ett ny\u00e5rs\u00f6verfl\u00f6d.\",\"breadcrumb\":{\"@id\":\"https:\/\/tonkaumea.se\/strandgatan\/treratters\/#breadcrumb\"},\"inLanguage\":\"sv-SE\",\"potentialAction\":[{\"@type\":\"ReadAction\",\"target\":[\"https:\/\/tonkaumea.se\/strandgatan\/treratters\/\"]}]},{\"@type\":\"BreadcrumbList\",\"@id\":\"https:\/\/tonkaumea.se\/strandgatan\/treratters\/#breadcrumb\",\"itemListElement\":[{\"@type\":\"ListItem\",\"position\":1,\"name\":\"Hem\",\"item\":\"https:\/\/tonkaumea.se\/strandgatan\/\"},{\"@type\":\"ListItem\",\"position\":2,\"name\":\"Trer\u00e4tters\"}]},{\"@type\":\"WebSite\",\"@id\":\"https:\/\/tonkaumea.se\/strandgatan\/#website\",\"url\":\"https:\/\/tonkaumea.se\/strandgatan\/\",\"name\":\"Tonka Strandgatan\",\"description\":\"Restaurang med kvalit\u00e9t\",\"publisher\":{\"@id\":\"https:\/\/tonkaumea.se\/strandgatan\/#organization\"},\"potentialAction\":[{\"@type\":\"SearchAction\",\"target\":{\"@type\":\"EntryPoint\",\"urlTemplate\":\"https:\/\/tonkaumea.se\/strandgatan\/?s={search_term_string}\"},\"query-input\":{\"@type\":\"PropertyValueSpecification\",\"valueRequired\":true,\"valueName\":\"search_term_string\"}}],\"inLanguage\":\"sv-SE\"},{\"@type\":\"Organization\",\"@id\":\"https:\/\/tonkaumea.se\/strandgatan\/#organization\",\"name\":\"Tonka Strandgatan\",\"url\":\"https:\/\/tonkaumea.se\/strandgatan\/\",\"logo\":{\"@type\":\"ImageObject\",\"inLanguage\":\"sv-SE\",\"@id\":\"https:\/\/tonkaumea.se\/strandgatan\/#\/schema\/logo\/image\/\",\"url\":\"https:\/\/tonkaumea.se\/strandgatan\/wp-content\/uploads\/2020\/01\/Tonka-Strandgatan-logo.png\",\"contentUrl\":\"https:\/\/tonkaumea.se\/strandgatan\/wp-content\/uploads\/2020\/01\/Tonka-Strandgatan-logo.png\",\"width\":522,\"height\":173,\"caption\":\"Tonka Strandgatan\"},\"image\":{\"@id\":\"https:\/\/tonkaumea.se\/strandgatan\/#\/schema\/logo\/image\/\"},\"sameAs\":[\"https:\/\/www.facebook.com\/tonkastrandgatan\/\",\"https:\/\/www.instagram.com\/tonkastrandgatan\/\"]}]}<\/script>\n<!-- \/ Yoast SEO plugin. -->","yoast_head_json":{"title":"Trer\u00e4tters - Tonka Strandgatan","description":"Vi l\u00e5ter fantasin fl\u00f6da och komponerar ihop en spektakul\u00e4r kulinarisk kv\u00e4ll f\u00f6r er. L\u00e5t dig \u00f6verraskas av b\u00e5de klassiska och nya smaker i ett ny\u00e5rs\u00f6verfl\u00f6d.","robots":{"index":"index","follow":"follow","max-snippet":"max-snippet:-1","max-image-preview":"max-image-preview:large","max-video-preview":"max-video-preview:-1"},"canonical":"https:\/\/tonkaumea.se\/strandgatan\/treratters\/","og_locale":"sv_SE","og_type":"article","og_title":"Trer\u00e4tters - Tonka Strandgatan","og_description":"Vi l\u00e5ter fantasin fl\u00f6da och komponerar ihop en spektakul\u00e4r kulinarisk kv\u00e4ll f\u00f6r er. L\u00e5t dig \u00f6verraskas av b\u00e5de klassiska och nya smaker i ett ny\u00e5rs\u00f6verfl\u00f6d.","og_url":"https:\/\/tonkaumea.se\/strandgatan\/treratters\/","og_site_name":"Tonka Strandgatan","article_publisher":"https:\/\/www.facebook.com\/tonkastrandgatan\/","article_modified_time":"2024-08-12T15:23:06+00:00","twitter_card":"summary_large_image","twitter_misc":{"Ber\u00e4knad l\u00e4stid":"1 minut"},"schema":{"@context":"https:\/\/schema.org","@graph":[{"@type":"WebPage","@id":"https:\/\/tonkaumea.se\/strandgatan\/treratters\/","url":"https:\/\/tonkaumea.se\/strandgatan\/treratters\/","name":"Trer\u00e4tters - Tonka Strandgatan","isPartOf":{"@id":"https:\/\/tonkaumea.se\/strandgatan\/#website"},"datePublished":"2024-01-05T21:16:53+00:00","dateModified":"2024-08-12T15:23:06+00:00","description":"Vi l\u00e5ter fantasin fl\u00f6da och komponerar ihop en spektakul\u00e4r kulinarisk kv\u00e4ll f\u00f6r er. L\u00e5t dig \u00f6verraskas av b\u00e5de klassiska och nya smaker i ett ny\u00e5rs\u00f6verfl\u00f6d.","breadcrumb":{"@id":"https:\/\/tonkaumea.se\/strandgatan\/treratters\/#breadcrumb"},"inLanguage":"sv-SE","potentialAction":[{"@type":"ReadAction","target":["https:\/\/tonkaumea.se\/strandgatan\/treratters\/"]}]},{"@type":"BreadcrumbList","@id":"https:\/\/tonkaumea.se\/strandgatan\/treratters\/#breadcrumb","itemListElement":[{"@type":"ListItem","position":1,"name":"Hem","item":"https:\/\/tonkaumea.se\/strandgatan\/"},{"@type":"ListItem","position":2,"name":"Trer\u00e4tters"}]},{"@type":"WebSite","@id":"https:\/\/tonkaumea.se\/strandgatan\/#website","url":"https:\/\/tonkaumea.se\/strandgatan\/","name":"Tonka Strandgatan","description":"Restaurang med kvalit\u00e9t","publisher":{"@id":"https:\/\/tonkaumea.se\/strandgatan\/#organization"},"potentialAction":[{"@type":"SearchAction","target":{"@type":"EntryPoint","urlTemplate":"https:\/\/tonkaumea.se\/strandgatan\/?s={search_term_string}"},"query-input":{"@type":"PropertyValueSpecification","valueRequired":true,"valueName":"search_term_string"}}],"inLanguage":"sv-SE"},{"@type":"Organization","@id":"https:\/\/tonkaumea.se\/strandgatan\/#organization","name":"Tonka Strandgatan","url":"https:\/\/tonkaumea.se\/strandgatan\/","logo":{"@type":"ImageObject","inLanguage":"sv-SE","@id":"https:\/\/tonkaumea.se\/strandgatan\/#\/schema\/logo\/image\/","url":"https:\/\/tonkaumea.se\/strandgatan\/wp-content\/uploads\/2020\/01\/Tonka-Strandgatan-logo.png","contentUrl":"https:\/\/tonkaumea.se\/strandgatan\/wp-content\/uploads\/2020\/01\/Tonka-Strandgatan-logo.png","width":522,"height":173,"caption":"Tonka Strandgatan"},"image":{"@id":"https:\/\/tonkaumea.se\/strandgatan\/#\/schema\/logo\/image\/"},"sameAs":["https:\/\/www.facebook.com\/tonkastrandgatan\/","https:\/\/www.instagram.com\/tonkastrandgatan\/"]}]}},"publishpress_future_action":{"enabled":false,"date":"2026-04-30 09:36:54","action":"change-status","newStatus":"draft","terms":[],"taxonomy":""},"publishpress_future_workflow_manual_trigger":{"enabledWorkflows":[]},"_links":{"self":[{"href":"https:\/\/tonkaumea.se\/strandgatan\/wp-json\/wp\/v2\/pages\/1565","targetHints":{"allow":["GET"]}}],"collection":[{"href":"https:\/\/tonkaumea.se\/strandgatan\/wp-json\/wp\/v2\/pages"}],"about":[{"href":"https:\/\/tonkaumea.se\/strandgatan\/wp-json\/wp\/v2\/types\/page"}],"author":[{"embeddable":true,"href":"https:\/\/tonkaumea.se\/strandgatan\/wp-json\/wp\/v2\/users\/3"}],"replies":[{"embeddable":true,"href":"https:\/\/tonkaumea.se\/strandgatan\/wp-json\/wp\/v2\/comments?post=1565"}],"version-history":[{"count":19,"href":"https:\/\/tonkaumea.se\/strandgatan\/wp-json\/wp\/v2\/pages\/1565\/revisions"}],"predecessor-version":[{"id":1705,"href":"https:\/\/tonkaumea.se\/strandgatan\/wp-json\/wp\/v2\/pages\/1565\/revisions\/1705"}],"wp:attachment":[{"href":"https:\/\/tonkaumea.se\/strandgatan\/wp-json\/wp\/v2\/media?parent=1565"}],"curies":[{"name":"wp","href":"https:\/\/api.w.org\/{rel}","templated":true}]}}