{"id":1528,"date":"2023-11-20T13:33:27","date_gmt":"2023-11-20T12:33:27","guid":{"rendered":"https:\/\/tonkaumea.se\/strandgatan\/?page_id=1528"},"modified":"2025-12-26T20:25:29","modified_gmt":"2025-12-26T19:25:29","slug":"nyarskasse","status":"publish","type":"page","link":"https:\/\/tonkaumea.se\/strandgatan\/nyarskasse\/","title":{"rendered":"Ny\u00e5rskasse"},"content":{"rendered":"<div class=\"row row-collapse row-full-width\"  id=\"row-1432384980\">\n\n\t<div id=\"col-340269497\" class=\"col large-12\"  >\n\t\t\t\t<div class=\"col-inner\"  >\n\t\t\t\n\t\t\t\n\n  <div class=\"banner has-hover\" id=\"banner-1270553722\">\n          <div class=\"banner-inner fill\">\n        <div class=\"banner-bg fill\" >\n            <img loading=\"lazy\" decoding=\"async\" width=\"1020\" height=\"680\" src=\"https:\/\/tonkaumea.se\/strandgatan\/wp-content\/uploads\/2018\/12\/nyar-tonka-catering-1024x683.jpeg\" class=\"bg attachment-large size-large\" alt=\"\" \/>                        <div class=\"overlay\"><\/div>            \n                    <\/div>\n\t\t\n        <div class=\"banner-layers container\">\n            <div class=\"fill banner-link\"><\/div>            \n   <div id=\"text-box-827789362\" class=\"text-box banner-layer x50 md-x50 lg-x50 y50 md-y50 lg-y50 res-text\">\n                                <div class=\"text-box-content text dark\">\n              \n              <div class=\"text-inner text-center\">\n                  \n<h2>Ny\u00e5rs middag hemma!<\/h2>\n              <\/div>\n           <\/div>\n                            \n<style>\n#text-box-827789362 {\n  width: 60%;\n}\n#text-box-827789362 .text-box-content {\n  font-size: 100%;\n}\n<\/style>\n    <\/div>\n \n        <\/div>\n      <\/div>\n\n            \n<style>\n#banner-1270553722 {\n  padding-top: 500px;\n}\n#banner-1270553722 .overlay {\n  background-color: rgba(184, 115, 50, 0.4);\n}\n<\/style>\n  <\/div>\n\n\n\t\t<\/div>\n\t\t\t\t\n<style>\n#col-340269497 > .col-inner {\n  padding: 0px 0px 0px 0px;\n}\n<\/style>\n\t<\/div>\n\n\t\n\n<style>\n#row-1432384980 > .col > .col-inner {\n  padding: 0px 0p 0px 0px;\n}\n<\/style>\n<\/div>\n\n\t<section class=\"section has-mask mask-angled\" id=\"section_1044422236\">\n\t\t<div class=\"section-bg fill\" >\n\t\t\t\t\t\t\t\t\t\n\t\t\t\n\n\t\t<\/div>\n\n\t\t\n\n\t\t<div class=\"section-content relative\">\n\t\t\t\n\t\t<\/div>\n\n\t\t\n<style>\n#section_1044422236 {\n  padding-top: 0px;\n  padding-bottom: 0px;\n  margin-bottom: -35px;\n  min-height: 51px;\n  background-color: rgb(255, 255, 255);\n}\n<\/style>\n\t<\/section>\n\t\n<div class=\"row\"  id=\"row-1685201019\">\n\n\t<div id=\"col-1044380168\" class=\"col medium-3 small-12 large-3\"  >\n\t\t\t\t<div class=\"col-inner\"  >\n\t\t\t\n\t\t\t\n\t\t<\/div>\n\t\t\t\t\t<\/div>\n\n\t\n\n\t<div id=\"col-1096482451\" class=\"col medium-6 small-12 large-6\"  >\n\t\t\t\t<div class=\"col-inner\"  >\n\t\t\t\n\t\t\t\n<h2 style=\"text-align: center;\">Ny\u00e5rskasse<\/h2>\n<h2 style=\"text-align: center;\"><em><strong>\u00c5rets kasse \u00e4r nu fullbokad.<\/strong><\/em><br \/><em><strong>Kolla g\u00e4rna med v\u00e5ra branchkollegor om dom har kvar!<\/strong><\/em><\/h2>\n<p style=\"text-align: center;\">Slipp stress och b\u00f6k i k\u00f6ket p\u00e5 ny\u00e5r och k\u00f6p hem v\u00e5r lyxiga ny\u00e5rsmeny som vi lagar och du v\u00e4rmer.<\/p>\n<p style=\"text-align: center;\"><strong> Menyn<\/strong> &#8211; 599<\/p>\n<p style=\"text-align: center;\"><strong><em>Lobster roll<\/em><\/strong><br \/>Hummer, handskalade r\u00e4kor, br\u00e4nd lime, f\u00e4rskost, brioche, krasse &amp; r\u00f6dl\u00f6k<\/p>\n<p style=\"text-align: center;\"><em><strong>Oxfil\u00e9 fr\u00e5n Svensk mj\u00f6lkko<\/strong><\/em><br \/>Potatisterrin smaksatt med karamelliserad l\u00f6k gratinerad med V\u00e4sterbottensost, rostad paprika, limestekt salladsl\u00f6k, marconamandel &amp; choronsm\u00f6r<\/p>\n<p style=\"text-align: center;\"><em><strong>Terrin p\u00e5 m\u00f6rk choklad fr\u00e5n Nordic chocolate fr\u00e5n V\u00e4stersl\u00e4tt<\/strong><\/em><br \/>Hallonpannacotta, vaniljf\u00e4rskost &amp; pistage<\/p>\n<p style=\"text-align: center;\"><strong>Vegetarisk meny<\/strong> &#8211; 549<\/p>\n<p style=\"text-align: center;\"><em><strong>Mushroom roll<\/strong><\/em><br \/>Karl-johancr\u00e9me, trattkantareller, brioche, krasse &amp; r\u00f6dl\u00f6k<\/p>\n<p style=\"text-align: center;\"><strong><em>Vegetarisk Wellington fylld med spenat, palsternacka &amp; valn\u00f6t<\/em><\/strong><br \/>Potatisterrin smaksatt med karamelliserad l\u00f6k gratinerad med V\u00e4sterbottensost, rostad paprika, limestekt salladsl\u00f6k, marconamandel &amp; choronsm\u00f6r<\/p>\n<p style=\"text-align: center;\"><em><strong>Terrin p\u00e5 m\u00f6rk choklad fr\u00e5n Nordic chocolate fr\u00e5n V\u00e4stersl\u00e4tt<\/strong><\/em><br \/>Hallonpannacotta, vaniljf\u00e4rskost &amp; pistage<\/p>\n<p style=\"text-align: center;\">Vi g\u00f6r v\u00e5rt b\u00e4sta f\u00f6r att l\u00f6sa allergier och specialkost, anm\u00e4l vid best\u00e4llning.<\/p>\n<p style=\"text-align: center;\">Du v\u00e4rmer och serverar p\u00e5 ditt egna vackra porslin och givetvis skickar vi med instruktioner f\u00f6r hur du ska g\u00e5 till v\u00e4ga f\u00f6r att v\u00e4rma p\u00e5 maten p\u00e5 b\u00e4sta vis! Du bokar antal personer och h\u00e4mtar detta p\u00e5 Tonka Strandgatan (\u00d6stra strandgatan 24) 31\/12 mellan 11-16.<\/p>\n<p style=\"text-align: center;\"><em>Bokning g\u00e4ller efter bekr\u00e4ftelse.<br \/>Begr\u00e4nsat antal.<\/em><\/p>\n<p>\u00a0<\/p>\n\t\t<\/div>\n\t\t\t\t\t<\/div>\n\n\t\n<\/div>\n","protected":false},"excerpt":{"rendered":"<p> <a href=\"https:\/\/tonkaumea.se\/strandgatan\/nyarskasse\/\">&nbsp;&raquo;&nbsp;Read more about: Ny\u00e5rskasse &nbsp;&raquo;<\/a><\/p>\n","protected":false},"author":3,"featured_media":0,"parent":0,"menu_order":0,"comment_status":"closed","ping_status":"closed","template":"page-transparent-header-light.php","meta":{"footnotes":""},"class_list":["post-1528","page","type-page","status-publish","hentry"],"yoast_head":"<!-- This site is optimized with the Yoast SEO plugin v25.1 - https:\/\/yoast.com\/wordpress\/plugins\/seo\/ -->\n<title>Ny\u00e5rskasse - Tonka Strandgatan<\/title>\n<meta name=\"robots\" content=\"index, follow, max-snippet:-1, max-image-preview:large, max-video-preview:-1\" \/>\n<link rel=\"canonical\" href=\"https:\/\/tonkaumea.se\/strandgatan\/nyarskasse\/\" \/>\n<meta property=\"og:locale\" content=\"sv_SE\" \/>\n<meta property=\"og:type\" content=\"article\" \/>\n<meta property=\"og:title\" content=\"Ny\u00e5rskasse - Tonka Strandgatan\" \/>\n<meta property=\"og:description\" content=\"&nbsp;&raquo;&nbsp;Read more about: Ny\u00e5rskasse &nbsp;&raquo;\" \/>\n<meta property=\"og:url\" content=\"https:\/\/tonkaumea.se\/strandgatan\/nyarskasse\/\" \/>\n<meta property=\"og:site_name\" content=\"Tonka Strandgatan\" \/>\n<meta property=\"article:publisher\" content=\"https:\/\/www.facebook.com\/tonkastrandgatan\/\" \/>\n<meta property=\"article:modified_time\" content=\"2025-12-26T19:25:29+00:00\" \/>\n<meta name=\"twitter:card\" content=\"summary_large_image\" \/>\n<meta name=\"twitter:label1\" content=\"Ber\u00e4knad l\u00e4stid\" \/>\n\t<meta name=\"twitter:data1\" content=\"2 minuter\" \/>\n<script type=\"application\/ld+json\" class=\"yoast-schema-graph\">{\"@context\":\"https:\/\/schema.org\",\"@graph\":[{\"@type\":\"WebPage\",\"@id\":\"https:\/\/tonkaumea.se\/strandgatan\/nyarskasse\/\",\"url\":\"https:\/\/tonkaumea.se\/strandgatan\/nyarskasse\/\",\"name\":\"Ny\u00e5rskasse - Tonka Strandgatan\",\"isPartOf\":{\"@id\":\"https:\/\/tonkaumea.se\/strandgatan\/#website\"},\"datePublished\":\"2023-11-20T12:33:27+00:00\",\"dateModified\":\"2025-12-26T19:25:29+00:00\",\"breadcrumb\":{\"@id\":\"https:\/\/tonkaumea.se\/strandgatan\/nyarskasse\/#breadcrumb\"},\"inLanguage\":\"sv-SE\",\"potentialAction\":[{\"@type\":\"ReadAction\",\"target\":[\"https:\/\/tonkaumea.se\/strandgatan\/nyarskasse\/\"]}]},{\"@type\":\"BreadcrumbList\",\"@id\":\"https:\/\/tonkaumea.se\/strandgatan\/nyarskasse\/#breadcrumb\",\"itemListElement\":[{\"@type\":\"ListItem\",\"position\":1,\"name\":\"Hem\",\"item\":\"https:\/\/tonkaumea.se\/strandgatan\/\"},{\"@type\":\"ListItem\",\"position\":2,\"name\":\"Ny\u00e5rskasse\"}]},{\"@type\":\"WebSite\",\"@id\":\"https:\/\/tonkaumea.se\/strandgatan\/#website\",\"url\":\"https:\/\/tonkaumea.se\/strandgatan\/\",\"name\":\"Tonka Strandgatan\",\"description\":\"Restaurang med kvalit\u00e9t\",\"publisher\":{\"@id\":\"https:\/\/tonkaumea.se\/strandgatan\/#organization\"},\"potentialAction\":[{\"@type\":\"SearchAction\",\"target\":{\"@type\":\"EntryPoint\",\"urlTemplate\":\"https:\/\/tonkaumea.se\/strandgatan\/?s={search_term_string}\"},\"query-input\":{\"@type\":\"PropertyValueSpecification\",\"valueRequired\":true,\"valueName\":\"search_term_string\"}}],\"inLanguage\":\"sv-SE\"},{\"@type\":\"Organization\",\"@id\":\"https:\/\/tonkaumea.se\/strandgatan\/#organization\",\"name\":\"Tonka Strandgatan\",\"url\":\"https:\/\/tonkaumea.se\/strandgatan\/\",\"logo\":{\"@type\":\"ImageObject\",\"inLanguage\":\"sv-SE\",\"@id\":\"https:\/\/tonkaumea.se\/strandgatan\/#\/schema\/logo\/image\/\",\"url\":\"https:\/\/tonkaumea.se\/strandgatan\/wp-content\/uploads\/2020\/01\/Tonka-Strandgatan-logo.png\",\"contentUrl\":\"https:\/\/tonkaumea.se\/strandgatan\/wp-content\/uploads\/2020\/01\/Tonka-Strandgatan-logo.png\",\"width\":522,\"height\":173,\"caption\":\"Tonka Strandgatan\"},\"image\":{\"@id\":\"https:\/\/tonkaumea.se\/strandgatan\/#\/schema\/logo\/image\/\"},\"sameAs\":[\"https:\/\/www.facebook.com\/tonkastrandgatan\/\",\"https:\/\/www.instagram.com\/tonkastrandgatan\/\"]}]}<\/script>\n<!-- \/ Yoast SEO plugin. -->","yoast_head_json":{"title":"Ny\u00e5rskasse - Tonka Strandgatan","robots":{"index":"index","follow":"follow","max-snippet":"max-snippet:-1","max-image-preview":"max-image-preview:large","max-video-preview":"max-video-preview:-1"},"canonical":"https:\/\/tonkaumea.se\/strandgatan\/nyarskasse\/","og_locale":"sv_SE","og_type":"article","og_title":"Ny\u00e5rskasse - Tonka Strandgatan","og_description":"&nbsp;&raquo;&nbsp;Read more about: Ny\u00e5rskasse &nbsp;&raquo;","og_url":"https:\/\/tonkaumea.se\/strandgatan\/nyarskasse\/","og_site_name":"Tonka Strandgatan","article_publisher":"https:\/\/www.facebook.com\/tonkastrandgatan\/","article_modified_time":"2025-12-26T19:25:29+00:00","twitter_card":"summary_large_image","twitter_misc":{"Ber\u00e4knad l\u00e4stid":"2 minuter"},"schema":{"@context":"https:\/\/schema.org","@graph":[{"@type":"WebPage","@id":"https:\/\/tonkaumea.se\/strandgatan\/nyarskasse\/","url":"https:\/\/tonkaumea.se\/strandgatan\/nyarskasse\/","name":"Ny\u00e5rskasse - Tonka Strandgatan","isPartOf":{"@id":"https:\/\/tonkaumea.se\/strandgatan\/#website"},"datePublished":"2023-11-20T12:33:27+00:00","dateModified":"2025-12-26T19:25:29+00:00","breadcrumb":{"@id":"https:\/\/tonkaumea.se\/strandgatan\/nyarskasse\/#breadcrumb"},"inLanguage":"sv-SE","potentialAction":[{"@type":"ReadAction","target":["https:\/\/tonkaumea.se\/strandgatan\/nyarskasse\/"]}]},{"@type":"BreadcrumbList","@id":"https:\/\/tonkaumea.se\/strandgatan\/nyarskasse\/#breadcrumb","itemListElement":[{"@type":"ListItem","position":1,"name":"Hem","item":"https:\/\/tonkaumea.se\/strandgatan\/"},{"@type":"ListItem","position":2,"name":"Ny\u00e5rskasse"}]},{"@type":"WebSite","@id":"https:\/\/tonkaumea.se\/strandgatan\/#website","url":"https:\/\/tonkaumea.se\/strandgatan\/","name":"Tonka Strandgatan","description":"Restaurang med kvalit\u00e9t","publisher":{"@id":"https:\/\/tonkaumea.se\/strandgatan\/#organization"},"potentialAction":[{"@type":"SearchAction","target":{"@type":"EntryPoint","urlTemplate":"https:\/\/tonkaumea.se\/strandgatan\/?s={search_term_string}"},"query-input":{"@type":"PropertyValueSpecification","valueRequired":true,"valueName":"search_term_string"}}],"inLanguage":"sv-SE"},{"@type":"Organization","@id":"https:\/\/tonkaumea.se\/strandgatan\/#organization","name":"Tonka Strandgatan","url":"https:\/\/tonkaumea.se\/strandgatan\/","logo":{"@type":"ImageObject","inLanguage":"sv-SE","@id":"https:\/\/tonkaumea.se\/strandgatan\/#\/schema\/logo\/image\/","url":"https:\/\/tonkaumea.se\/strandgatan\/wp-content\/uploads\/2020\/01\/Tonka-Strandgatan-logo.png","contentUrl":"https:\/\/tonkaumea.se\/strandgatan\/wp-content\/uploads\/2020\/01\/Tonka-Strandgatan-logo.png","width":522,"height":173,"caption":"Tonka Strandgatan"},"image":{"@id":"https:\/\/tonkaumea.se\/strandgatan\/#\/schema\/logo\/image\/"},"sameAs":["https:\/\/www.facebook.com\/tonkastrandgatan\/","https:\/\/www.instagram.com\/tonkastrandgatan\/"]}]}},"publishpress_future_action":{"enabled":false,"date":"2026-05-11 09:35:23","action":"change-status","newStatus":"draft","terms":[],"taxonomy":""},"publishpress_future_workflow_manual_trigger":{"enabledWorkflows":[]},"_links":{"self":[{"href":"https:\/\/tonkaumea.se\/strandgatan\/wp-json\/wp\/v2\/pages\/1528","targetHints":{"allow":["GET"]}}],"collection":[{"href":"https:\/\/tonkaumea.se\/strandgatan\/wp-json\/wp\/v2\/pages"}],"about":[{"href":"https:\/\/tonkaumea.se\/strandgatan\/wp-json\/wp\/v2\/types\/page"}],"author":[{"embeddable":true,"href":"https:\/\/tonkaumea.se\/strandgatan\/wp-json\/wp\/v2\/users\/3"}],"replies":[{"embeddable":true,"href":"https:\/\/tonkaumea.se\/strandgatan\/wp-json\/wp\/v2\/comments?post=1528"}],"version-history":[{"count":31,"href":"https:\/\/tonkaumea.se\/strandgatan\/wp-json\/wp\/v2\/pages\/1528\/revisions"}],"predecessor-version":[{"id":2017,"href":"https:\/\/tonkaumea.se\/strandgatan\/wp-json\/wp\/v2\/pages\/1528\/revisions\/2017"}],"wp:attachment":[{"href":"https:\/\/tonkaumea.se\/strandgatan\/wp-json\/wp\/v2\/media?parent=1528"}],"curies":[{"name":"wp","href":"https:\/\/api.w.org\/{rel}","templated":true}]}}