{"id":1088,"date":"2022-01-17T12:07:12","date_gmt":"2022-01-17T11:07:12","guid":{"rendered":"https:\/\/tonkaumea.se\/strandgatan\/?page_id=1088"},"modified":"2026-04-06T11:16:24","modified_gmt":"2026-04-06T10:16:24","slug":"meny","status":"publish","type":"page","link":"https:\/\/tonkaumea.se\/strandgatan\/meny\/","title":{"rendered":"MENY"},"content":{"rendered":"<div class=\"row row-collapse row-full-width\"  id=\"row-783505225\">\n\n\t<div id=\"col-801549384\" class=\"col large-12\"  >\n\t\t\t\t<div class=\"col-inner\"  >\n\t\t\t\n\t\t\t\n\n  <div class=\"banner has-hover\" id=\"banner-107572134\">\n          <div class=\"banner-inner fill\">\n        <div class=\"banner-bg fill\" >\n            <img loading=\"lazy\" decoding=\"async\" width=\"1020\" height=\"397\" src=\"https:\/\/tonkaumea.se\/strandgatan\/wp-content\/uploads\/2023\/09\/D1601E50-3112-4A77-8FA3-DE726C5441A9-1024x399.png\" class=\"bg attachment-large size-large\" alt=\"\" \/>                                    \n                    <\/div>\n\t\t\n        <div class=\"banner-layers container\">\n            <div class=\"fill banner-link\"><\/div>            \n   <div id=\"text-box-1490013924\" class=\"text-box banner-layer x50 md-x50 lg-x50 y50 md-y50 lg-y50 res-text\">\n                                <div class=\"text-box-content text dark\">\n              \n              <div class=\"text-inner text-center\">\n                  \n\t<div id=\"text-1378931371\" class=\"text\">\n\t\t\n<h3>MENY<\/h3>\n\t\t\n<style>\n#text-1378931371 {\n  font-size: 2rem;\n}\n<\/style>\n\t<\/div>\n\t\n              <\/div>\n           <\/div>\n                            \n<style>\n#text-box-1490013924 {\n  width: 60%;\n}\n#text-box-1490013924 .text-box-content {\n  font-size: 100%;\n}\n<\/style>\n    <\/div>\n \n        <\/div>\n      <\/div>\n\n            \n<style>\n#banner-107572134 {\n  padding-top: 500px;\n}\n#banner-107572134 .banner-bg img {\n  object-position: 50%;\n}\n<\/style>\n  <\/div>\n\n\n\t\t<\/div>\n\t\t\t\t\t<\/div>\n\n\t\n<\/div>\n\n\t<section class=\"section has-mask mask-angled-right-large\" id=\"section_1968623356\">\n\t\t<div class=\"section-bg fill\" >\n\t\t\t\t\t\t\t\t\t\n\t\t\t\n\t<div class=\"is-border\"\n\t\tstyle=\"border-color:rgb(235, 235, 235);border-width:1px 0px 0px 0px;\">\n\t<\/div>\n\n\t\t<\/div>\n\n\t\t\n\n\t\t<div class=\"section-content relative\">\n\t\t\t\n<div class=\"row row-collapse row-full-width\"  id=\"row-566475344\">\n\n\t<div id=\"col-1339192335\" class=\"col medium-6 large-6\"  >\n\t\t\t\t<div class=\"col-inner\"  >\n\t\t\t\n\t\t\t\n\n  <div class=\"banner has-hover\" id=\"banner-1552450875\">\n          <div class=\"banner-inner fill\">\n        <div class=\"banner-bg fill\" >\n            <img loading=\"lazy\" decoding=\"async\" width=\"683\" height=\"1024\" src=\"https:\/\/tonkaumea.se\/strandgatan\/wp-content\/uploads\/2022\/09\/image00009-683x1024.jpeg\" class=\"bg attachment-large size-large\" alt=\"\" \/>                                    \n                    <\/div>\n\t\t\n        <div class=\"banner-layers container\">\n            <div class=\"fill banner-link\"><\/div>            \n        <\/div>\n      <\/div>\n\n            \n<style>\n#banner-1552450875 {\n  padding-top: 800px;\n}\n<\/style>\n  <\/div>\n\n\n\t\t<\/div>\n\t\t\t\t\t<\/div>\n\n\t\n\n\t<div id=\"col-901523978\" class=\"col medium-6 large-6 small-col-first\"  >\n\t\t\t\t<div class=\"col-inner\"  >\n\t\t\t\n\t\t\t\n\n  <div class=\"banner has-hover\" id=\"banner-61757797\">\n          <div class=\"banner-inner fill\">\n        <div class=\"banner-bg fill\" >\n                                                \n                    <\/div>\n\t\t\n        <div class=\"banner-layers container\">\n            <div class=\"fill banner-link\"><\/div>            \n   <div id=\"text-box-1417531979\" class=\"text-box banner-layer x50 md-x50 lg-x50 y50 md-y50 lg-y50 res-text\">\n                                <div class=\"text-box-content text \">\n              \n              <div class=\"text-inner text-left\">\n                  \n<h2 style=\"text-align: center;\">R\u00e5biff<\/h2>\n<p style=\"text-align: center;\">Alla v\u00e5ra r\u00e5biffar g\u00f6rs p\u00e5<br \/>60g eller 120g svensk mj\u00f6lkko.<br \/>Den st\u00f6rre r\u00e5biffen serveras<br \/>dessutom med pommes frites!<\/p>\n<p style=\"text-align: center;\"><strong>KLASSISK <\/strong><em>165\/265:-<\/em><br \/>\u00c4gg, kapris, dijon, pepparrot, betor, saltgurka, r\u00f6dl\u00f6k &amp; svartpeppar.<br \/><em>G\u00e5r att f\u00e5 vegetarisk med svamp &amp; bettartar.<\/em><br \/><strong><br \/>DILL<\/strong> <em>165\/265:-<\/em><br \/>Friterad mandelpotatis, \u00e4ttika, dillfr\u00f6, jalapeno, lime &amp; dill.<br \/>G\u00e5r att f\u00e5 vegetarisk med tartar p\u00e5 palsternacka.<br \/><strong><br \/>SPARRIS<\/strong> 20<em>5\/305:-<\/em><br \/>Vit sparris, citron, mjukbakat \u00e4gg, tryffelcr\u00e9me, brynt sm\u00f6r, marconamandel &amp; gr\u00e4sl\u00f6k<br \/>G\u00e5r att f\u00e5 vegetarisk med tartar p\u00e5 palsternacka.<\/p>\n<p style=\"text-align: center;\"><strong>FURIKAKE<\/strong> <em>165\/265:-<\/em><br \/>Gojuang, p\u00e4ron, chili, friterat rispapper, picklad r\u00e4ttika, koriander &amp; furikake<br \/>G\u00e5r att f\u00e5 vegetarisk med tartar p\u00e5 rostad tomat.<\/p>\n              <\/div>\n           <\/div>\n                            \n<style>\n#text-box-1417531979 {\n  width: 74%;\n}\n#text-box-1417531979 .text-box-content {\n  font-size: 100%;\n}\n<\/style>\n    <\/div>\n \n        <\/div>\n      <\/div>\n\n            \n<style>\n#banner-61757797 {\n  padding-top: 800px;\n  background-color: rgb(255,255,255);\n}\n<\/style>\n  <\/div>\n\n\n\t\t<\/div>\n\t\t\t\t\t<\/div>\n\n\t\n<\/div>\n\t\t<\/div>\n\n\t\t\n<style>\n#section_1968623356 {\n  padding-top: 0px;\n  padding-bottom: 0px;\n  min-height: 700px;\n  background-color: rgb(255,255,255);\n}\n<\/style>\n\t<\/section>\n\t\n\n\t<section class=\"section has-mask mask-angled-large\" id=\"section_732902732\">\n\t\t<div class=\"section-bg fill\" >\n\t\t\t\t\t\t\t\t\t\n\t\t\t\n\t<div class=\"is-border\"\n\t\tstyle=\"border-color:rgb(235, 235, 235);border-width:1px 0px 0px 0px;\">\n\t<\/div>\n\n\t\t<\/div>\n\n\t\t\n\n\t\t<div class=\"section-content relative\">\n\t\t\t\n<div class=\"row row-collapse row-full-width\"  id=\"row-1679263691\">\n\n\t<div id=\"col-1140691140\" class=\"col medium-6 large-6 small-col-first\"  >\n\t\t\t\t<div class=\"col-inner\"  >\n\t\t\t\n\t\t\t\n\n  <div class=\"banner has-hover\" id=\"banner-1203000507\">\n          <div class=\"banner-inner fill\">\n        <div class=\"banner-bg fill\" >\n                                                \n                    <\/div>\n\t\t\n        <div class=\"banner-layers container\">\n            <div class=\"fill banner-link\"><\/div>            \n   <div id=\"text-box-461871400\" class=\"text-box banner-layer x50 md-x50 lg-x50 y50 md-y50 lg-y50 res-text\">\n                                <div class=\"text-box-content text \">\n              \n              <div class=\"text-inner text-left\">\n                  \n<h2 style=\"text-align: center;\">Sm\u00e5tt &amp; Gott<\/h2>\n<p style=\"text-align: center;\"><strong>HUMMERTACO<\/strong> 85\/st<br \/>Hummer, r\u00e4kor, lime, f\u00e4rskost, ananas &amp; gyoza.<br \/><strong>V\u00c5R EGEN \u00c4LGKORV<\/strong> 85:-\/ST<br \/>Brioche, tryffelcr\u00e9me &amp; friterad l\u00f6k.<br \/><strong>PORK BAO BUN<\/strong> 85:-\/ST<br \/>Br\u00e4serat fl\u00e4sk, gojuang, picklad r\u00e4ttika, crisp &amp; koriander.<br \/><strong>VITL\u00d6KSBR\u00d6D<\/strong> 65<br \/>Vitl\u00f6ksgratinerad ciabatta &amp; aioli.<br \/><strong>HARICOT VERTS \u201dPAKORA\u201d<\/strong> 115<br \/>Friterade haricot verts, lime- &amp; jalap\u00eanoemultion &amp; furikake.<br \/><strong>L\u00d6JROMSCHIPS <\/strong>199<br \/>L\u00f6jrom, cr\u00e9me fraiche, r\u00f6dl\u00f6k &amp; dill.<\/p>\n<h2 style=\"text-align: center;\">F\u00f6rr\u00e4tter<\/h2>\n<p style=\"text-align: center;\"><strong>BLANCHERAD VIT SPARRIS<\/strong> 219<br \/>Lime, ramsl\u00f6k, hummlefritters, marconamandel &amp; \u00f6rter.<\/p>\n<p style=\"text-align: center;\"><strong>L\u00d6JROM FR\u00c5N KALIX <\/strong>249<br \/>Brioche, cr\u00e8me fra\u00eeche, picklad silverl\u00f6k,<br \/>brynt sm\u00f6r, dill, krasse &amp; k\u00f6rvel.<\/p>\n              <\/div>\n           <\/div>\n                            \n<style>\n#text-box-461871400 {\n  width: 83%;\n}\n#text-box-461871400 .text-box-content {\n  font-size: 100%;\n}\n<\/style>\n    <\/div>\n \n        <\/div>\n      <\/div>\n\n            \n<style>\n#banner-1203000507 {\n  padding-top: 1000px;\n  background-color: rgb(255,255,255);\n}\n<\/style>\n  <\/div>\n\n\n\t<div id=\"gap-1464008724\" class=\"gap-element clearfix\" style=\"display:block; height:auto;\">\n\t\t\n<style>\n#gap-1464008724 {\n  padding-top: 60px;\n}\n<\/style>\n\t<\/div>\n\t\n\t\t<\/div>\n\t\t\t\t\t<\/div>\n\n\t\n\n\t<div id=\"col-483524427\" class=\"col medium-6 large-6\"  >\n\t\t\t\t<div class=\"col-inner\"  >\n\t\t\t\n\t\t\t\n\n  <div class=\"banner has-hover\" id=\"banner-1336089044\">\n          <div class=\"banner-inner fill\">\n        <div class=\"banner-bg fill\" >\n            <img loading=\"lazy\" decoding=\"async\" width=\"683\" height=\"1024\" src=\"https:\/\/tonkaumea.se\/strandgatan\/wp-content\/uploads\/2022\/09\/image00012-683x1024.jpeg\" class=\"bg attachment-large size-large\" alt=\"\" \/>                                    \n                    <\/div>\n\t\t\n        <div class=\"banner-layers container\">\n            <div class=\"fill banner-link\"><\/div>            \n        <\/div>\n      <\/div>\n\n            \n<style>\n#banner-1336089044 {\n  padding-top: 1100px;\n}\n<\/style>\n  <\/div>\n\n\n\t\t<\/div>\n\t\t\t\t\t<\/div>\n\n\t\n<\/div>\n\t\t<\/div>\n\n\t\t\n<style>\n#section_732902732 {\n  padding-top: 0px;\n  padding-bottom: 0px;\n  min-height: 700px;\n  background-color: rgb(255,255,255);\n}\n<\/style>\n\t<\/section>\n\t\n\n\t<section class=\"section has-mask mask-angled-large\" id=\"section_1640161003\">\n\t\t<div class=\"section-bg fill\" >\n\t\t\t\t\t\t\t\t\t\n\t\t\t\n\t<div class=\"is-border\"\n\t\tstyle=\"border-color:rgb(235, 235, 235);border-width:1px 0px 0px 0px;\">\n\t<\/div>\n\n\t\t<\/div>\n\n\t\t\n\n\t\t<div class=\"section-content relative\">\n\t\t\t\n<div class=\"row row-collapse row-full-width\"  id=\"row-1571731755\">\n\n\t<div id=\"col-1813728126\" class=\"col medium-6 large-6\"  >\n\t\t\t\t<div class=\"col-inner\"  >\n\t\t\t\n\t\t\t\n\n  <div class=\"banner has-hover\" id=\"banner-2076155809\">\n          <div class=\"banner-inner fill\">\n        <div class=\"banner-bg fill\" >\n            <img loading=\"lazy\" decoding=\"async\" width=\"683\" height=\"1024\" src=\"https:\/\/tonkaumea.se\/strandgatan\/wp-content\/uploads\/2022\/09\/image00001-683x1024.jpeg\" class=\"bg attachment-large size-large\" alt=\"\" \/>                                    \n                    <\/div>\n\t\t\n        <div class=\"banner-layers container\">\n            <div class=\"fill banner-link\"><\/div>            \n        <\/div>\n      <\/div>\n\n            \n<style>\n#banner-2076155809 {\n  padding-top: 1300px;\n}\n<\/style>\n  <\/div>\n\n\n\t\t<\/div>\n\t\t\t\t\t<\/div>\n\n\t\n\n\t<div id=\"col-1102337190\" class=\"col medium-6 large-6 small-col-first\"  >\n\t\t\t\t<div class=\"col-inner\"  >\n\t\t\t\n\t\t\t\n\t<div id=\"gap-1740436377\" class=\"gap-element clearfix\" style=\"display:block; height:auto;\">\n\t\t\n<style>\n#gap-1740436377 {\n  padding-top: 30px;\n}\n<\/style>\n\t<\/div>\n\t\n\n  <div class=\"banner has-hover\" id=\"banner-1585731006\">\n          <div class=\"banner-inner fill\">\n        <div class=\"banner-bg fill\" >\n                                                \n                    <\/div>\n\t\t\n        <div class=\"banner-layers container\">\n            <div class=\"fill banner-link\"><\/div>            \n   <div id=\"text-box-818993655\" class=\"text-box banner-layer x50 md-x50 lg-x50 y50 md-y50 lg-y50 res-text\">\n                                <div class=\"text-box-content text \">\n              \n              <div class=\"text-inner text-left\">\n                  \n<h2 style=\"text-align: center;\">Varmr\u00e4tter<\/h2>\n<p style=\"text-align: center;\"><strong>BRIOCHETOAST MED FL\u00c4SKSIDA<\/strong> 285<br \/>Sm\u00f6rstekt brioche, br\u00e4serad fl\u00e4sksida, citronkokta rotsaker, crispsallad, dragonemultion, gr\u00e4sl\u00f6k &amp; purjol\u00f6k, Serveras med pommes frites.<\/p>\n<p style=\"text-align: center;\"><strong>HANDSKALADE R\u00c4KOR P\u00c5 R\u00c5G<\/strong> 265<br \/>V\u00e5rt eget r\u00e5gbr\u00f6d, crispasallad, emultion p\u00e5 lime &amp; ramsl\u00f6k, picklad r\u00f6dk\u00e5l, vispat sm\u00f6r &amp; gr\u00e4sl\u00f6k<\/p>\n<p style=\"text-align: center;\"><strong>BR\u00c4SERAT LAMML\u00c4GG<\/strong> 315<br \/>R\u00f6dvinssky, sm\u00f6rad broccolipur\u00e9, blancherade prim\u00f6rer, dragon, fetaost, stickl\u00f6k &amp; lime.<\/p>\n<p style=\"text-align: center;\"><strong>BAKAD REGNB\u00c5GSLAX<\/strong> 329<br \/>Syltade tomater, haricot verts, chimmichurry, potatisterrin smaksatt med karamelliserad l\u00f6k &amp; beurre blanc.<br \/>G\u00e5r att f\u00e5 vegetarisk med friterad pistage lebne.<\/p>\n<p style=\"text-align: center;\"><strong>\u00c4LG FR\u00c5N V\u00c4STERBOTTNISKA SKOGARNA<\/strong> 389<br \/>Br\u00e4serat \u00e4lgh\u00f6grev, v\u00e5r egen \u00e4lgkorv, jord\u00e4rtskocka, syrat \u00e4pple, viltsky, rostad gr\u00f6nk\u00e5l, potatispur\u00e9, v\u00e4sterbottensost &amp; friterad l\u00f6k<\/p>\n<p style=\"text-align: center;\"><strong>SKALDJURS BONANZA\u00a0<\/strong>529<br \/>Bl\u00e5musslor, vitt vin, gr\u00e4dde, \u00f6rter &amp; eschabeche.<br \/>L\u00f6jrom fr\u00e5n Kalix, brioche, cr\u00e8me fra\u00eeche, picklad silverl\u00f6k,<br \/>brynt sm\u00f6r, dill, krasse &amp; k\u00f6rvel. Hummertacos med chili, ananas, lime &amp; f\u00e4rskost. Vitl\u00f6ksbr\u00f6d &amp; aioli<\/p>\n              <\/div>\n           <\/div>\n                            \n<style>\n#text-box-818993655 {\n  width: 83%;\n}\n#text-box-818993655 .text-box-content {\n  font-size: 100%;\n}\n<\/style>\n    <\/div>\n \n        <\/div>\n      <\/div>\n\n            \n<style>\n#banner-1585731006 {\n  padding-top: 1300px;\n  background-color: rgb(255,255,255);\n}\n<\/style>\n  <\/div>\n\n\n\t\t<\/div>\n\t\t\t\t\t<\/div>\n\n\t\n<\/div>\n\t\t<\/div>\n\n\t\t\n<style>\n#section_1640161003 {\n  padding-top: 0px;\n  padding-bottom: 0px;\n  min-height: 700px;\n  background-color: rgb(255,255,255);\n}\n<\/style>\n\t<\/section>\n\t\n\n\t<section class=\"section has-mask mask-angled-large\" id=\"section_1972909884\">\n\t\t<div class=\"section-bg fill\" >\n\t\t\t\t\t\t\t\t\t\n\t\t\t\n\t<div class=\"is-border\"\n\t\tstyle=\"border-color:rgb(235, 235, 235);border-width:1px 0px 0px 0px;\">\n\t<\/div>\n\n\t\t<\/div>\n\n\t\t\n\n\t\t<div class=\"section-content relative\">\n\t\t\t\n<div class=\"row row-collapse row-full-width\"  id=\"row-1122490756\">\n\n\t<div id=\"col-517878560\" class=\"col medium-6 large-6 small-col-first\"  >\n\t\t\t\t<div class=\"col-inner\"  >\n\t\t\t\n\t\t\t\n\n  <div class=\"banner has-hover\" id=\"banner-434344464\">\n          <div class=\"banner-inner fill\">\n        <div class=\"banner-bg fill\" >\n                                                \n                    <\/div>\n\t\t\n        <div class=\"banner-layers container\">\n            <div class=\"fill banner-link\"><\/div>            \n   <div id=\"text-box-742707513\" class=\"text-box banner-layer x50 md-x50 lg-x50 y50 md-y50 lg-y50 res-text\">\n                                <div class=\"text-box-content text \">\n              \n              <div class=\"text-inner text-left\">\n                  \n<h2 style=\"text-align: center;\">Desserter<\/h2>\n<p style=\"text-align: center;\"><strong>RABARBER &amp; HALLON<\/strong> 115<br \/>Dr\u00f6mkaka, rabarbersorbet, syltade rabarber, halloncoulis, gr\u00e4dde &amp; brynt hallonsm\u00f6r.<\/p>\n<p style=\"text-align: center;\"><strong>CR\u00c9ME BRUL\u00c9E<\/strong> 105<br \/>Klassisk brul\u00e9e toppad med kv\u00e4llens sorbet.<\/p>\n<p style=\"text-align: center;\"><strong>BAKAD M\u00d6RK CHOKLAD<\/strong> 105<br \/>Varm kolas\u00e5s, kanderade n\u00f6tter &amp; gr\u00e4dde.<\/p>\n<p style=\"text-align: center;\"><strong>PUNCHGLASS<\/strong> 95<br \/>F\u00e4rska jordgubbar, l\u00e4ttvispad gr\u00e4dde &amp; mar\u00e4ng.<\/p>\n<p style=\"text-align: center;\">\u00a0<\/p>\n              <\/div>\n           <\/div>\n                            \n<style>\n#text-box-742707513 {\n  width: 57%;\n}\n#text-box-742707513 .text-box-content {\n  font-size: 100%;\n}\n<\/style>\n    <\/div>\n \n        <\/div>\n      <\/div>\n\n            \n<style>\n#banner-434344464 {\n  padding-top: 1100px;\n  background-color: rgb(255,255,255);\n}\n<\/style>\n  <\/div>\n\n\n\t\t<\/div>\n\t\t\t\t\t<\/div>\n\n\t\n\n\t<div id=\"col-1585517706\" class=\"col medium-6 large-6\"  >\n\t\t\t\t<div class=\"col-inner\"  >\n\t\t\t\n\t\t\t\n\n  <div class=\"banner has-hover\" id=\"banner-1376488918\">\n          <div class=\"banner-inner fill\">\n        <div class=\"banner-bg fill\" >\n            <img loading=\"lazy\" decoding=\"async\" width=\"683\" height=\"1024\" src=\"https:\/\/tonkaumea.se\/strandgatan\/wp-content\/uploads\/2023\/03\/IMG_8260-683x1024.jpg\" class=\"bg attachment-large size-large\" alt=\"\" \/>                                    \n                    <\/div>\n\t\t\n        <div class=\"banner-layers container\">\n            <div class=\"fill banner-link\"><\/div>            \n        <\/div>\n      <\/div>\n\n            \n<style>\n#banner-1376488918 {\n  padding-top: 1100px;\n}\n<\/style>\n  <\/div>\n\n\n\t\t<\/div>\n\t\t\t\t\t<\/div>\n\n\t\n\n<style>\n#row-1122490756 > .col > .col-inner {\n  background-color: rgb(255, 255, 255);\n}\n<\/style>\n<\/div>\n\t\t<\/div>\n\n\t\t\n<style>\n#section_1972909884 {\n  padding-top: 0px;\n  padding-bottom: 0px;\n  min-height: 700px;\n  background-color: rgb(255, 255, 255);\n}\n<\/style>\n\t<\/section>\n\t\n","protected":false},"excerpt":{"rendered":"<p> <a href=\"https:\/\/tonkaumea.se\/strandgatan\/meny\/\">&nbsp;&raquo;&nbsp;Read more about: MENY &nbsp;&raquo;<\/a><\/p>\n","protected":false},"author":2,"featured_media":0,"parent":0,"menu_order":0,"comment_status":"closed","ping_status":"closed","template":"page-transparent-header-light.php","meta":{"footnotes":""},"class_list":["post-1088","page","type-page","status-publish","hentry"],"yoast_head":"<!-- This site is optimized with the Yoast SEO plugin v25.1 - https:\/\/yoast.com\/wordpress\/plugins\/seo\/ -->\n<title>MENY - Tonka Strandgatan<\/title>\n<meta name=\"robots\" content=\"index, follow, max-snippet:-1, max-image-preview:large, max-video-preview:-1\" \/>\n<link rel=\"canonical\" href=\"https:\/\/tonkaumea.se\/strandgatan\/meny\/\" \/>\n<meta property=\"og:locale\" content=\"sv_SE\" \/>\n<meta property=\"og:type\" content=\"article\" \/>\n<meta property=\"og:title\" content=\"MENY - Tonka Strandgatan\" \/>\n<meta property=\"og:description\" content=\"&nbsp;&raquo;&nbsp;Read more about: MENY &nbsp;&raquo;\" \/>\n<meta property=\"og:url\" content=\"https:\/\/tonkaumea.se\/strandgatan\/meny\/\" \/>\n<meta property=\"og:site_name\" content=\"Tonka Strandgatan\" \/>\n<meta property=\"article:publisher\" content=\"https:\/\/www.facebook.com\/tonkastrandgatan\/\" \/>\n<meta property=\"article:modified_time\" content=\"2026-04-06T10:16:24+00:00\" \/>\n<meta name=\"twitter:card\" content=\"summary_large_image\" \/>\n<meta name=\"twitter:label1\" content=\"Ber\u00e4knad l\u00e4stid\" \/>\n\t<meta name=\"twitter:data1\" content=\"3 minuter\" \/>\n<script type=\"application\/ld+json\" class=\"yoast-schema-graph\">{\"@context\":\"https:\/\/schema.org\",\"@graph\":[{\"@type\":\"WebPage\",\"@id\":\"https:\/\/tonkaumea.se\/strandgatan\/meny\/\",\"url\":\"https:\/\/tonkaumea.se\/strandgatan\/meny\/\",\"name\":\"MENY - Tonka Strandgatan\",\"isPartOf\":{\"@id\":\"https:\/\/tonkaumea.se\/strandgatan\/#website\"},\"datePublished\":\"2022-01-17T11:07:12+00:00\",\"dateModified\":\"2026-04-06T10:16:24+00:00\",\"breadcrumb\":{\"@id\":\"https:\/\/tonkaumea.se\/strandgatan\/meny\/#breadcrumb\"},\"inLanguage\":\"sv-SE\",\"potentialAction\":[{\"@type\":\"ReadAction\",\"target\":[\"https:\/\/tonkaumea.se\/strandgatan\/meny\/\"]}]},{\"@type\":\"BreadcrumbList\",\"@id\":\"https:\/\/tonkaumea.se\/strandgatan\/meny\/#breadcrumb\",\"itemListElement\":[{\"@type\":\"ListItem\",\"position\":1,\"name\":\"Hem\",\"item\":\"https:\/\/tonkaumea.se\/strandgatan\/\"},{\"@type\":\"ListItem\",\"position\":2,\"name\":\"MENY\"}]},{\"@type\":\"WebSite\",\"@id\":\"https:\/\/tonkaumea.se\/strandgatan\/#website\",\"url\":\"https:\/\/tonkaumea.se\/strandgatan\/\",\"name\":\"Tonka Strandgatan\",\"description\":\"Restaurang med kvalit\u00e9t\",\"publisher\":{\"@id\":\"https:\/\/tonkaumea.se\/strandgatan\/#organization\"},\"potentialAction\":[{\"@type\":\"SearchAction\",\"target\":{\"@type\":\"EntryPoint\",\"urlTemplate\":\"https:\/\/tonkaumea.se\/strandgatan\/?s={search_term_string}\"},\"query-input\":{\"@type\":\"PropertyValueSpecification\",\"valueRequired\":true,\"valueName\":\"search_term_string\"}}],\"inLanguage\":\"sv-SE\"},{\"@type\":\"Organization\",\"@id\":\"https:\/\/tonkaumea.se\/strandgatan\/#organization\",\"name\":\"Tonka Strandgatan\",\"url\":\"https:\/\/tonkaumea.se\/strandgatan\/\",\"logo\":{\"@type\":\"ImageObject\",\"inLanguage\":\"sv-SE\",\"@id\":\"https:\/\/tonkaumea.se\/strandgatan\/#\/schema\/logo\/image\/\",\"url\":\"https:\/\/tonkaumea.se\/strandgatan\/wp-content\/uploads\/2020\/01\/Tonka-Strandgatan-logo.png\",\"contentUrl\":\"https:\/\/tonkaumea.se\/strandgatan\/wp-content\/uploads\/2020\/01\/Tonka-Strandgatan-logo.png\",\"width\":522,\"height\":173,\"caption\":\"Tonka Strandgatan\"},\"image\":{\"@id\":\"https:\/\/tonkaumea.se\/strandgatan\/#\/schema\/logo\/image\/\"},\"sameAs\":[\"https:\/\/www.facebook.com\/tonkastrandgatan\/\",\"https:\/\/www.instagram.com\/tonkastrandgatan\/\"]}]}<\/script>\n<!-- \/ Yoast SEO plugin. -->","yoast_head_json":{"title":"MENY - Tonka Strandgatan","robots":{"index":"index","follow":"follow","max-snippet":"max-snippet:-1","max-image-preview":"max-image-preview:large","max-video-preview":"max-video-preview:-1"},"canonical":"https:\/\/tonkaumea.se\/strandgatan\/meny\/","og_locale":"sv_SE","og_type":"article","og_title":"MENY - Tonka Strandgatan","og_description":"&nbsp;&raquo;&nbsp;Read more about: MENY &nbsp;&raquo;","og_url":"https:\/\/tonkaumea.se\/strandgatan\/meny\/","og_site_name":"Tonka Strandgatan","article_publisher":"https:\/\/www.facebook.com\/tonkastrandgatan\/","article_modified_time":"2026-04-06T10:16:24+00:00","twitter_card":"summary_large_image","twitter_misc":{"Ber\u00e4knad l\u00e4stid":"3 minuter"},"schema":{"@context":"https:\/\/schema.org","@graph":[{"@type":"WebPage","@id":"https:\/\/tonkaumea.se\/strandgatan\/meny\/","url":"https:\/\/tonkaumea.se\/strandgatan\/meny\/","name":"MENY - Tonka Strandgatan","isPartOf":{"@id":"https:\/\/tonkaumea.se\/strandgatan\/#website"},"datePublished":"2022-01-17T11:07:12+00:00","dateModified":"2026-04-06T10:16:24+00:00","breadcrumb":{"@id":"https:\/\/tonkaumea.se\/strandgatan\/meny\/#breadcrumb"},"inLanguage":"sv-SE","potentialAction":[{"@type":"ReadAction","target":["https:\/\/tonkaumea.se\/strandgatan\/meny\/"]}]},{"@type":"BreadcrumbList","@id":"https:\/\/tonkaumea.se\/strandgatan\/meny\/#breadcrumb","itemListElement":[{"@type":"ListItem","position":1,"name":"Hem","item":"https:\/\/tonkaumea.se\/strandgatan\/"},{"@type":"ListItem","position":2,"name":"MENY"}]},{"@type":"WebSite","@id":"https:\/\/tonkaumea.se\/strandgatan\/#website","url":"https:\/\/tonkaumea.se\/strandgatan\/","name":"Tonka Strandgatan","description":"Restaurang med kvalit\u00e9t","publisher":{"@id":"https:\/\/tonkaumea.se\/strandgatan\/#organization"},"potentialAction":[{"@type":"SearchAction","target":{"@type":"EntryPoint","urlTemplate":"https:\/\/tonkaumea.se\/strandgatan\/?s={search_term_string}"},"query-input":{"@type":"PropertyValueSpecification","valueRequired":true,"valueName":"search_term_string"}}],"inLanguage":"sv-SE"},{"@type":"Organization","@id":"https:\/\/tonkaumea.se\/strandgatan\/#organization","name":"Tonka Strandgatan","url":"https:\/\/tonkaumea.se\/strandgatan\/","logo":{"@type":"ImageObject","inLanguage":"sv-SE","@id":"https:\/\/tonkaumea.se\/strandgatan\/#\/schema\/logo\/image\/","url":"https:\/\/tonkaumea.se\/strandgatan\/wp-content\/uploads\/2020\/01\/Tonka-Strandgatan-logo.png","contentUrl":"https:\/\/tonkaumea.se\/strandgatan\/wp-content\/uploads\/2020\/01\/Tonka-Strandgatan-logo.png","width":522,"height":173,"caption":"Tonka Strandgatan"},"image":{"@id":"https:\/\/tonkaumea.se\/strandgatan\/#\/schema\/logo\/image\/"},"sameAs":["https:\/\/www.facebook.com\/tonkastrandgatan\/","https:\/\/www.instagram.com\/tonkastrandgatan\/"]}]}},"publishpress_future_action":{"enabled":false,"date":"2026-05-10 15:19:37","action":"change-status","newStatus":"draft","terms":[],"taxonomy":""},"publishpress_future_workflow_manual_trigger":{"enabledWorkflows":[]},"_links":{"self":[{"href":"https:\/\/tonkaumea.se\/strandgatan\/wp-json\/wp\/v2\/pages\/1088","targetHints":{"allow":["GET"]}}],"collection":[{"href":"https:\/\/tonkaumea.se\/strandgatan\/wp-json\/wp\/v2\/pages"}],"about":[{"href":"https:\/\/tonkaumea.se\/strandgatan\/wp-json\/wp\/v2\/types\/page"}],"author":[{"embeddable":true,"href":"https:\/\/tonkaumea.se\/strandgatan\/wp-json\/wp\/v2\/users\/2"}],"replies":[{"embeddable":true,"href":"https:\/\/tonkaumea.se\/strandgatan\/wp-json\/wp\/v2\/comments?post=1088"}],"version-history":[{"count":181,"href":"https:\/\/tonkaumea.se\/strandgatan\/wp-json\/wp\/v2\/pages\/1088\/revisions"}],"predecessor-version":[{"id":2074,"href":"https:\/\/tonkaumea.se\/strandgatan\/wp-json\/wp\/v2\/pages\/1088\/revisions\/2074"}],"wp:attachment":[{"href":"https:\/\/tonkaumea.se\/strandgatan\/wp-json\/wp\/v2\/media?parent=1088"}],"curies":[{"name":"wp","href":"https:\/\/api.w.org\/{rel}","templated":true}]}}